{"id":4942,"date":"2021-08-19T13:18:15","date_gmt":"2021-08-19T13:18:15","guid":{"rendered":"https:\/\/greenlamclads.com\/turkish\/sitemap\/"},"modified":"2022-05-12T06:04:15","modified_gmt":"2022-05-12T06:04:15","slug":"sitemap","status":"publish","type":"page","link":"https:\/\/greenlamclads.com\/turkish\/sitemap\/","title":{"rendered":"Site Haritas\u0131"},"content":{"rendered":"\n<div class=\"wp-block-columns sitemap-wrapper is-layout-flex wp-container-core-columns-is-layout-1 wp-block-columns-is-layout-flex\">\n<div class=\"wp-block-column sitemap-inner-container is-layout-flow wp-block-column-is-layout-flow\">\n<div class=\"container\">\n    <div class=\"row\">\n        <div class=\"col-lg-4 col-md-6 col-12 site-map\">\n            <ul>\n                <li>\n                    <a href=\"https:\/\/greenlamclads.com\/turkish\/\">Anasayfa<\/a>\n                <\/li>\n                <li>\n                    <a href=\"https:\/\/greenlamclads.com\/turkish\/about-us\/\">Hakk\u0131m\u0131zda<\/a>\n                <\/li>\n                <li>\n                    <a href=\"https:\/\/greenlamclads.com\/turkish\/get-inspired\/\">\u0130lham Al\u0131n<\/a>\n                <\/li>\n               \n               \n                <li>\n                    <a href=\"https:\/\/greenlamclads.com\/turkish\/sustainability\/\">S\u00fcrd\u00fcr\u00fclebilirlik<\/a>\n                <\/li>\n                <li>\n                    <a href=\"https:\/\/greenlamclads.com\/turkish\/exterior-clads\/\">D\u0131\u015f Kaplamalar<\/a>\n                <\/li>\n            <\/ul>\n        <\/div>\n        <div class=\"col-lg-4 col-md-6 col-12 site-map\">\n            <ul>\n                \n                <li>\n                    <a href=\"https:\/\/greenlamclads.com\/turkish\/collections\/exterior\/\">D\u0131\u015f koleksiyon<\/a>\n                <\/li>\n                <li>\n                    <a href=\"https:\/\/greenlamclads.com\/turkish\/interior-clads\/\">\u0130\u00e7 Kaplamalar<\/a>\n                <\/li>\n                <li>\n                    <a href=\"https:\/\/greenlamclads.com\/turkish\/collections\/interior\/\">\u0130\u00e7 koleksiyon<\/a>\n                <\/li>\n                \n                 <li><a href=\"https:\/\/greenlamclads.com\/visualizer\/\" target=\"_blank\" rel=\"noopener\">g\u00f6r\u00fcnt\u00fcleyici<\/a>\n                <\/li>\n                 <li>\n                    \n                            <a href=\"https:\/\/greenlamclads.com\/turkish\/media\/\">Medya<\/a>\n                        <\/li>\n                   \n            <\/ul>\n        <\/div>\n        <div class=\"col-lg-4 col-md-6 col-12 site-map\">\n            <ul>\n                       \n                        <li>\n                            <a href=\"https:\/\/greenlamclads.com\/turkish\/resources\/\">Kaynaklar<\/a>\n                        <\/li>\n                     <li>\n                    <a href=\"https:\/\/greenlamclads.com\/turkish\/contact-us\/\">Bizimle ileti\u015fime ge\u00e7in<\/a>\n                <\/li>\n                <li>\n                    <a href=\"https:\/\/greenlamclads.com\/turkish\/terms-conditions\/\">\u015eartlar ve ko\u015fullar<\/a>\n                <\/li>\n                <li>\n                    <a href=\"https:\/\/greenlamclads.com\/turkish\/privacy-policy\/\">Gizlilik Politikas\u0131<\/a>\n                <\/li>\n\n            <\/ul>\n        <\/div>\n    <\/div>\n<\/div>\n<\/div>\n<\/div>\n","protected":false},"excerpt":{"rendered":"<p>Anasayfa Hakk\u0131m\u0131zda \u0130lham Al\u0131n S\u00fcrd\u00fcr\u00fclebilirlik D\u0131\u015f Kaplamalar D\u0131\u015f koleksiyon \u0130\u00e7 Kaplamalar \u0130\u00e7 koleksiyon g\u00f6r\u00fcnt\u00fcleyici Medya Kaynaklar Bizimle ileti\u015fime ge\u00e7in \u015eartlar ve ko\u015fullar Gizlilik Politikas\u0131<\/p>\n","protected":false},"author":1,"featured_media":0,"parent":0,"menu_order":0,"comment_status":"closed","ping_status":"closed","template":"","meta":{"footnotes":""},"class_list":["post-4942","page","type-page","status-publish","hentry"],"yoast_head":"<!-- This site is optimized with the Yoast SEO plugin v23.5 - https:\/\/yoast.com\/wordpress\/plugins\/seo\/ -->\n<title>Site Haritas\u0131 - Greenlam Clads Turkish<\/title>\n<meta name=\"robots\" content=\"index, follow, max-snippet:-1, max-image-preview:large, max-video-preview:-1\" \/>\n<meta property=\"og:locale\" content=\"en_US\" \/>\n<meta property=\"og:type\" content=\"article\" \/>\n<meta property=\"og:title\" content=\"Site Haritas\u0131 - Greenlam Clads Turkish\" \/>\n<meta property=\"og:description\" content=\"Anasayfa Hakk\u0131m\u0131zda \u0130lham Al\u0131n S\u00fcrd\u00fcr\u00fclebilirlik D\u0131\u015f Kaplamalar D\u0131\u015f koleksiyon \u0130\u00e7 Kaplamalar \u0130\u00e7 koleksiyon g\u00f6r\u00fcnt\u00fcleyici Medya Kaynaklar Bizimle ileti\u015fime ge\u00e7in \u015eartlar ve ko\u015fullar Gizlilik Politikas\u0131\" \/>\n<meta property=\"og:url\" content=\"https:\/\/greenlamclads.com\/turkish\/sitemap\/\" \/>\n<meta property=\"og:site_name\" content=\"Greenlam Clads Turkish\" \/>\n<meta property=\"article:modified_time\" content=\"2022-05-12T06:04:15+00:00\" \/>\n<meta name=\"twitter:card\" content=\"summary_large_image\" \/>\n<meta name=\"twitter:label1\" content=\"Est. reading time\" \/>\n\t<meta name=\"twitter:data1\" content=\"1 minute\" \/>\n<script type=\"application\/ld+json\" class=\"yoast-schema-graph\">{\"@context\":\"https:\/\/schema.org\",\"@graph\":[{\"@type\":\"WebPage\",\"@id\":\"https:\/\/greenlamclads.com\/turkish\/sitemap\/\",\"url\":\"https:\/\/greenlamclads.com\/turkish\/sitemap\/\",\"name\":\"Site Haritas\u0131 - Greenlam Clads Turkish\",\"isPartOf\":{\"@id\":\"https:\/\/greenlamclads.com\/turkish\/#website\"},\"datePublished\":\"2021-08-19T13:18:15+00:00\",\"dateModified\":\"2022-05-12T06:04:15+00:00\",\"breadcrumb\":{\"@id\":\"https:\/\/greenlamclads.com\/turkish\/sitemap\/#breadcrumb\"},\"inLanguage\":\"en-US\",\"potentialAction\":[{\"@type\":\"ReadAction\",\"target\":[\"https:\/\/greenlamclads.com\/turkish\/sitemap\/\"]}]},{\"@type\":\"BreadcrumbList\",\"@id\":\"https:\/\/greenlamclads.com\/turkish\/sitemap\/#breadcrumb\",\"itemListElement\":[{\"@type\":\"ListItem\",\"position\":1,\"name\":\"Anasayfa\",\"item\":\"https:\/\/greenlamclads.com\/turkish\/\"},{\"@type\":\"ListItem\",\"position\":2,\"name\":\"Site Haritas\u0131\"}]},{\"@type\":\"WebSite\",\"@id\":\"https:\/\/greenlamclads.com\/turkish\/#website\",\"url\":\"https:\/\/greenlamclads.com\/turkish\/\",\"name\":\"Greenlam Clads Turkish\",\"description\":\"\",\"publisher\":{\"@id\":\"https:\/\/greenlamclads.com\/turkish\/#organization\"},\"potentialAction\":[{\"@type\":\"SearchAction\",\"target\":{\"@type\":\"EntryPoint\",\"urlTemplate\":\"https:\/\/greenlamclads.com\/turkish\/?s={search_term_string}\"},\"query-input\":{\"@type\":\"PropertyValueSpecification\",\"valueRequired\":true,\"valueName\":\"search_term_string\"}}],\"inLanguage\":\"en-US\"},{\"@type\":\"Organization\",\"@id\":\"https:\/\/greenlamclads.com\/turkish\/#organization\",\"name\":\"Greenlam Clads Turkish\",\"url\":\"https:\/\/greenlamclads.com\/turkish\/\",\"logo\":{\"@type\":\"ImageObject\",\"inLanguage\":\"en-US\",\"@id\":\"https:\/\/greenlamclads.com\/turkish\/#\/schema\/logo\/image\/\",\"url\":\"https:\/\/greenlamclads.com\/turkish\/wp-content\/uploads\/sites\/2\/2021\/07\/logo.png\",\"contentUrl\":\"https:\/\/greenlamclads.com\/turkish\/wp-content\/uploads\/sites\/2\/2021\/07\/logo.png\",\"width\":326,\"height\":98,\"caption\":\"Greenlam Clads Turkish\"},\"image\":{\"@id\":\"https:\/\/greenlamclads.com\/turkish\/#\/schema\/logo\/image\/\"}}]}<\/script>\n<!-- \/ Yoast SEO plugin. -->","yoast_head_json":{"title":"Site Haritas\u0131 - Greenlam Clads Turkish","robots":{"index":"index","follow":"follow","max-snippet":"max-snippet:-1","max-image-preview":"max-image-preview:large","max-video-preview":"max-video-preview:-1"},"og_locale":"en_US","og_type":"article","og_title":"Site Haritas\u0131 - Greenlam Clads Turkish","og_description":"Anasayfa Hakk\u0131m\u0131zda \u0130lham Al\u0131n S\u00fcrd\u00fcr\u00fclebilirlik D\u0131\u015f Kaplamalar D\u0131\u015f koleksiyon \u0130\u00e7 Kaplamalar \u0130\u00e7 koleksiyon g\u00f6r\u00fcnt\u00fcleyici Medya Kaynaklar Bizimle ileti\u015fime ge\u00e7in \u015eartlar ve ko\u015fullar Gizlilik Politikas\u0131","og_url":"https:\/\/greenlamclads.com\/turkish\/sitemap\/","og_site_name":"Greenlam Clads Turkish","article_modified_time":"2022-05-12T06:04:15+00:00","twitter_card":"summary_large_image","twitter_misc":{"Est. reading time":"1 minute"},"schema":{"@context":"https:\/\/schema.org","@graph":[{"@type":"WebPage","@id":"https:\/\/greenlamclads.com\/turkish\/sitemap\/","url":"https:\/\/greenlamclads.com\/turkish\/sitemap\/","name":"Site Haritas\u0131 - Greenlam Clads Turkish","isPartOf":{"@id":"https:\/\/greenlamclads.com\/turkish\/#website"},"datePublished":"2021-08-19T13:18:15+00:00","dateModified":"2022-05-12T06:04:15+00:00","breadcrumb":{"@id":"https:\/\/greenlamclads.com\/turkish\/sitemap\/#breadcrumb"},"inLanguage":"en-US","potentialAction":[{"@type":"ReadAction","target":["https:\/\/greenlamclads.com\/turkish\/sitemap\/"]}]},{"@type":"BreadcrumbList","@id":"https:\/\/greenlamclads.com\/turkish\/sitemap\/#breadcrumb","itemListElement":[{"@type":"ListItem","position":1,"name":"Anasayfa","item":"https:\/\/greenlamclads.com\/turkish\/"},{"@type":"ListItem","position":2,"name":"Site Haritas\u0131"}]},{"@type":"WebSite","@id":"https:\/\/greenlamclads.com\/turkish\/#website","url":"https:\/\/greenlamclads.com\/turkish\/","name":"Greenlam Clads Turkish","description":"","publisher":{"@id":"https:\/\/greenlamclads.com\/turkish\/#organization"},"potentialAction":[{"@type":"SearchAction","target":{"@type":"EntryPoint","urlTemplate":"https:\/\/greenlamclads.com\/turkish\/?s={search_term_string}"},"query-input":{"@type":"PropertyValueSpecification","valueRequired":true,"valueName":"search_term_string"}}],"inLanguage":"en-US"},{"@type":"Organization","@id":"https:\/\/greenlamclads.com\/turkish\/#organization","name":"Greenlam Clads Turkish","url":"https:\/\/greenlamclads.com\/turkish\/","logo":{"@type":"ImageObject","inLanguage":"en-US","@id":"https:\/\/greenlamclads.com\/turkish\/#\/schema\/logo\/image\/","url":"https:\/\/greenlamclads.com\/turkish\/wp-content\/uploads\/sites\/2\/2021\/07\/logo.png","contentUrl":"https:\/\/greenlamclads.com\/turkish\/wp-content\/uploads\/sites\/2\/2021\/07\/logo.png","width":326,"height":98,"caption":"Greenlam Clads Turkish"},"image":{"@id":"https:\/\/greenlamclads.com\/turkish\/#\/schema\/logo\/image\/"}}]}},"_links":{"self":[{"href":"https:\/\/greenlamclads.com\/turkish\/wp-json\/wp\/v2\/pages\/4942"}],"collection":[{"href":"https:\/\/greenlamclads.com\/turkish\/wp-json\/wp\/v2\/pages"}],"about":[{"href":"https:\/\/greenlamclads.com\/turkish\/wp-json\/wp\/v2\/types\/page"}],"author":[{"embeddable":true,"href":"https:\/\/greenlamclads.com\/turkish\/wp-json\/wp\/v2\/users\/1"}],"replies":[{"embeddable":true,"href":"https:\/\/greenlamclads.com\/turkish\/wp-json\/wp\/v2\/comments?post=4942"}],"version-history":[{"count":9,"href":"https:\/\/greenlamclads.com\/turkish\/wp-json\/wp\/v2\/pages\/4942\/revisions"}],"predecessor-version":[{"id":5023,"href":"https:\/\/greenlamclads.com\/turkish\/wp-json\/wp\/v2\/pages\/4942\/revisions\/5023"}],"wp:attachment":[{"href":"https:\/\/greenlamclads.com\/turkish\/wp-json\/wp\/v2\/media?parent=4942"}],"curies":[{"name":"wp","href":"https:\/\/api.w.org\/{rel}","templated":true}]}}