{"id":1360,"date":"2021-07-23T14:16:45","date_gmt":"2021-07-23T14:16:45","guid":{"rendered":"http:\/\/13.232.20.87\/stagingarea\/greenlam-clads\/turkish\/media\/"},"modified":"2022-02-08T09:49:16","modified_gmt":"2022-02-08T09:49:16","slug":"media","status":"publish","type":"page","link":"https:\/\/greenlamclads.com\/turkish\/media\/","title":{"rendered":"Medya"},"content":{"rendered":"\n<div class=\"wp-block-columns is-layout-flex wp-container-core-columns-is-layout-1 wp-block-columns-is-layout-flex\">\n<div class=\"wp-block-column is-layout-flow wp-block-column-is-layout-flow\">\r\n<section class=\"section-padding\">\r\n\t<div class=\"container\">\r\n\t\t<div class=\"heading-wrapper\">\r\n\t\t\t<h2 class=\"component-heading\">Biz nas\u0131l \u00e7al\u0131\u015f\u0131r\u0131z<\/h2>\r\n\t\t\t\t\t\t<h3 class=\"component-sub-heading\">Kamera ARKASI<\/h3>\r\n\t\t\t\t\t<\/div>\r\n\t\t<input type=\"hidden\" name=\"video_filter\" id=\"video_filter\" value=\"all\" \/>\r\n\t\t<div class=\"masonary-filter\">\r\n\t\t\t<i class=\"icon icon-filter\"><\/i>\r\n\t\t\t<div class=\"category-btns flex-wrap\">\r\n\t\t\t\t\t\t\t\t\t\t\t<\/div>\r\n\r\n\t\t\t<div class=\"categoy-select\">\r\n\t\t\t\t<label for=\"\">Category<\/label>\r\n\t\t\t\t<select name=\"filter_video_change\" id=\"filter_video_change\" class=\"form-control select-custom filter_video_change\">\r\n\t\t\t\t\t<option value=\"all\">All<\/option>\r\n\t\t\t\t\t\t\t\t<\/select>\r\n\t\t\t<\/div>\r\n\t\t<\/div>\r\n\t\t<div class=\"videos-grid-wrapper\">\r\n\t\t<\/div>\r\n\t\t<div id=\"video_load_more_btn\" class=\"loader-wrapper\">\r\n\t\t\t<div class=\"loader\">\r\n\t\t\t\t<div><\/div>\r\n\t\t\t\t<div><\/div>\r\n\t\t\t\t<div><\/div>\r\n\t\t\t\t<div><\/div>\r\n\t\t\t<\/div>\r\n\t\t<\/div>\r\n\t<\/div>\r\n<\/section>\r\n\r\n\r\n<!-- Modal -->\r\n<div class=\"modal modal-video fade\" id=\"videoModal\" tabindex=\"-1\" role=\"dialog\" aria-labelledby=\"exampleModalLabel\" aria-hidden=\"true\">\r\n\t<div class=\"modal-dialog modal-lg modal-dialog-centered\" role=\"document\">\r\n\t\t<div class=\"modal-content\">\r\n\t\t\t<div class=\"modal-header\">\r\n\t\t\t\t<h5 class=\"modal-title videoGalleryPopupHeading\" id=\"exampleModalLabel\"><\/h5>\r\n\t\t\t\t<button type=\"button\" class=\"close\" data-dismiss=\"modal\" aria-label=\"Close\">\r\n\t\t\t\t\t<span aria-hidden=\"true\">&times;<\/span>\r\n\t\t\t\t<\/button>\r\n\t\t\t<\/div>\r\n\t\t\t<div class=\"modal-body\">\r\n\t\t\t\t<iframe class=\"videoGalleryPopupIframe\" src=\"\" title=\"YouTube video player\" frameborder=\"0\" allow=\"accelerometer; autoplay; clipboard-write; encrypted-media; gyroscope; picture-in-picture\" allowfullscreen><\/iframe>\r\n\t\t\t<\/div>\r\n\t\t<\/div>\r\n\t<\/div>\r\n<\/div>\r\n<\/div>\n<\/div>\n","protected":false},"excerpt":{"rendered":"","protected":false},"author":1,"featured_media":0,"parent":0,"menu_order":0,"comment_status":"closed","ping_status":"closed","template":"","meta":{"footnotes":""},"class_list":["post-1360","page","type-page","status-publish","hentry"],"yoast_head":"<!-- This site is optimized with the Yoast SEO plugin v23.5 - https:\/\/yoast.com\/wordpress\/plugins\/seo\/ -->\n<title>Greenlam Clads T\u00fcrkiye \u0130\u00e7 ve D\u0131\u015f Cephe Kaplama Videolar\u0131<\/title>\n<meta name=\"robots\" content=\"index, follow, max-snippet:-1, max-image-preview:large, max-video-preview:-1\" \/>\n<meta property=\"og:locale\" content=\"en_US\" \/>\n<meta property=\"og:type\" content=\"article\" \/>\n<meta property=\"og:title\" content=\"Greenlam Clads T\u00fcrkiye \u0130\u00e7 ve D\u0131\u015f Cephe Kaplama Videolar\u0131\" \/>\n<meta property=\"og:url\" content=\"https:\/\/greenlamclads.com\/turkish\/media\/\" \/>\n<meta property=\"og:site_name\" content=\"Greenlam Clads Turkish\" \/>\n<meta property=\"article:modified_time\" content=\"2022-02-08T09:49:16+00:00\" \/>\n<meta name=\"twitter:card\" content=\"summary_large_image\" \/>\n<script type=\"application\/ld+json\" class=\"yoast-schema-graph\">{\"@context\":\"https:\/\/schema.org\",\"@graph\":[{\"@type\":\"WebPage\",\"@id\":\"https:\/\/greenlamclads.com\/turkish\/media\/\",\"url\":\"https:\/\/greenlamclads.com\/turkish\/media\/\",\"name\":\"Greenlam Clads T\u00fcrkiye \u0130\u00e7 ve D\u0131\u015f Cephe Kaplama Videolar\u0131\",\"isPartOf\":{\"@id\":\"https:\/\/greenlamclads.com\/turkish\/#website\"},\"datePublished\":\"2021-07-23T14:16:45+00:00\",\"dateModified\":\"2022-02-08T09:49:16+00:00\",\"breadcrumb\":{\"@id\":\"https:\/\/greenlamclads.com\/turkish\/media\/#breadcrumb\"},\"inLanguage\":\"en-US\",\"potentialAction\":[{\"@type\":\"ReadAction\",\"target\":[\"https:\/\/greenlamclads.com\/turkish\/media\/\"]}]},{\"@type\":\"BreadcrumbList\",\"@id\":\"https:\/\/greenlamclads.com\/turkish\/media\/#breadcrumb\",\"itemListElement\":[{\"@type\":\"ListItem\",\"position\":1,\"name\":\"Anasayfa\",\"item\":\"https:\/\/greenlamclads.com\/turkish\/\"},{\"@type\":\"ListItem\",\"position\":2,\"name\":\"Medya\"}]},{\"@type\":\"WebSite\",\"@id\":\"https:\/\/greenlamclads.com\/turkish\/#website\",\"url\":\"https:\/\/greenlamclads.com\/turkish\/\",\"name\":\"Greenlam Clads Turkish\",\"description\":\"\",\"publisher\":{\"@id\":\"https:\/\/greenlamclads.com\/turkish\/#organization\"},\"potentialAction\":[{\"@type\":\"SearchAction\",\"target\":{\"@type\":\"EntryPoint\",\"urlTemplate\":\"https:\/\/greenlamclads.com\/turkish\/?s={search_term_string}\"},\"query-input\":{\"@type\":\"PropertyValueSpecification\",\"valueRequired\":true,\"valueName\":\"search_term_string\"}}],\"inLanguage\":\"en-US\"},{\"@type\":\"Organization\",\"@id\":\"https:\/\/greenlamclads.com\/turkish\/#organization\",\"name\":\"Greenlam Clads Turkish\",\"url\":\"https:\/\/greenlamclads.com\/turkish\/\",\"logo\":{\"@type\":\"ImageObject\",\"inLanguage\":\"en-US\",\"@id\":\"https:\/\/greenlamclads.com\/turkish\/#\/schema\/logo\/image\/\",\"url\":\"https:\/\/greenlamclads.com\/turkish\/wp-content\/uploads\/sites\/2\/2021\/07\/logo.png\",\"contentUrl\":\"https:\/\/greenlamclads.com\/turkish\/wp-content\/uploads\/sites\/2\/2021\/07\/logo.png\",\"width\":326,\"height\":98,\"caption\":\"Greenlam Clads Turkish\"},\"image\":{\"@id\":\"https:\/\/greenlamclads.com\/turkish\/#\/schema\/logo\/image\/\"}}]}<\/script>\n<!-- \/ Yoast SEO plugin. -->","yoast_head_json":{"title":"Greenlam Clads T\u00fcrkiye \u0130\u00e7 ve D\u0131\u015f Cephe Kaplama Videolar\u0131","robots":{"index":"index","follow":"follow","max-snippet":"max-snippet:-1","max-image-preview":"max-image-preview:large","max-video-preview":"max-video-preview:-1"},"og_locale":"en_US","og_type":"article","og_title":"Greenlam Clads T\u00fcrkiye \u0130\u00e7 ve D\u0131\u015f Cephe Kaplama Videolar\u0131","og_url":"https:\/\/greenlamclads.com\/turkish\/media\/","og_site_name":"Greenlam Clads Turkish","article_modified_time":"2022-02-08T09:49:16+00:00","twitter_card":"summary_large_image","schema":{"@context":"https:\/\/schema.org","@graph":[{"@type":"WebPage","@id":"https:\/\/greenlamclads.com\/turkish\/media\/","url":"https:\/\/greenlamclads.com\/turkish\/media\/","name":"Greenlam Clads T\u00fcrkiye \u0130\u00e7 ve D\u0131\u015f Cephe Kaplama Videolar\u0131","isPartOf":{"@id":"https:\/\/greenlamclads.com\/turkish\/#website"},"datePublished":"2021-07-23T14:16:45+00:00","dateModified":"2022-02-08T09:49:16+00:00","breadcrumb":{"@id":"https:\/\/greenlamclads.com\/turkish\/media\/#breadcrumb"},"inLanguage":"en-US","potentialAction":[{"@type":"ReadAction","target":["https:\/\/greenlamclads.com\/turkish\/media\/"]}]},{"@type":"BreadcrumbList","@id":"https:\/\/greenlamclads.com\/turkish\/media\/#breadcrumb","itemListElement":[{"@type":"ListItem","position":1,"name":"Anasayfa","item":"https:\/\/greenlamclads.com\/turkish\/"},{"@type":"ListItem","position":2,"name":"Medya"}]},{"@type":"WebSite","@id":"https:\/\/greenlamclads.com\/turkish\/#website","url":"https:\/\/greenlamclads.com\/turkish\/","name":"Greenlam Clads Turkish","description":"","publisher":{"@id":"https:\/\/greenlamclads.com\/turkish\/#organization"},"potentialAction":[{"@type":"SearchAction","target":{"@type":"EntryPoint","urlTemplate":"https:\/\/greenlamclads.com\/turkish\/?s={search_term_string}"},"query-input":{"@type":"PropertyValueSpecification","valueRequired":true,"valueName":"search_term_string"}}],"inLanguage":"en-US"},{"@type":"Organization","@id":"https:\/\/greenlamclads.com\/turkish\/#organization","name":"Greenlam Clads Turkish","url":"https:\/\/greenlamclads.com\/turkish\/","logo":{"@type":"ImageObject","inLanguage":"en-US","@id":"https:\/\/greenlamclads.com\/turkish\/#\/schema\/logo\/image\/","url":"https:\/\/greenlamclads.com\/turkish\/wp-content\/uploads\/sites\/2\/2021\/07\/logo.png","contentUrl":"https:\/\/greenlamclads.com\/turkish\/wp-content\/uploads\/sites\/2\/2021\/07\/logo.png","width":326,"height":98,"caption":"Greenlam Clads Turkish"},"image":{"@id":"https:\/\/greenlamclads.com\/turkish\/#\/schema\/logo\/image\/"}}]}},"_links":{"self":[{"href":"https:\/\/greenlamclads.com\/turkish\/wp-json\/wp\/v2\/pages\/1360"}],"collection":[{"href":"https:\/\/greenlamclads.com\/turkish\/wp-json\/wp\/v2\/pages"}],"about":[{"href":"https:\/\/greenlamclads.com\/turkish\/wp-json\/wp\/v2\/types\/page"}],"author":[{"embeddable":true,"href":"https:\/\/greenlamclads.com\/turkish\/wp-json\/wp\/v2\/users\/1"}],"replies":[{"embeddable":true,"href":"https:\/\/greenlamclads.com\/turkish\/wp-json\/wp\/v2\/comments?post=1360"}],"version-history":[{"count":3,"href":"https:\/\/greenlamclads.com\/turkish\/wp-json\/wp\/v2\/pages\/1360\/revisions"}],"predecessor-version":[{"id":1505,"href":"https:\/\/greenlamclads.com\/turkish\/wp-json\/wp\/v2\/pages\/1360\/revisions\/1505"}],"wp:attachment":[{"href":"https:\/\/greenlamclads.com\/turkish\/wp-json\/wp\/v2\/media?parent=1360"}],"curies":[{"name":"wp","href":"https:\/\/api.w.org\/{rel}","templated":true}]}}