{"id":1180,"date":"2021-08-11T08:41:12","date_gmt":"2021-08-11T08:41:12","guid":{"rendered":"https:\/\/staging.greenlamclads.com\/turkish\/get-inspired\/"},"modified":"2022-02-08T09:40:21","modified_gmt":"2022-02-08T09:40:21","slug":"get-inspired","status":"publish","type":"page","link":"https:\/\/greenlamclads.com\/turkish\/get-inspired\/","title":{"rendered":"\u0130lham Al\u0131n"},"content":{"rendered":"\n<div class=\"wp-block-columns media-section is-layout-flex wp-container-core-columns-is-layout-1 wp-block-columns-is-layout-flex\">\n<div class=\"wp-block-column container is-layout-flow wp-block-column-is-layout-flow\">\r\n\t<div class=\"heading-wrapper pl-0\">\r\n\t\t<h2 class=\"component-heading\">\u0130lham Al\u0131n  <\/h2>\r\n\r\n\t\t\t\t\t<h3 class=\"component-sub-heading\">Se\u00e7eneklerimize g\u00f6z at\u0131n  <\/h3>\r\n\t\t\t<\/div>\r\n\n\n\n<p>Kat\u0131 ah\u015faplardan soyut \u00fcr\u00fcnlere kadar se\u00e7im yapabilece\u011finiz benzersiz bir koleksiyona sahibiz. Nereden ba\u015flayaca\u011f\u0131n\u0131z\u0131 bilmiyor musunuz? En \u00e7ok tercih edilen uygulamalar aras\u0131nda, canland\u0131r\u0131c\u0131 cephe, balkon, konut ve ticari kurulu\u015flar, hastaneler i\u00e7in kap\u0131, showroom cepheleri, vs. yer almaktad\u0131r. A\u015fa\u011f\u0131daki resimlere g\u00f6z at\u0131n ve dekor uygulamas\u0131n\u0131n detaylar\u0131 i\u00e7in resimleri t\u0131klay\u0131n.<\/p>\n<\/div>\n<\/div>\n\n\n\n<div class=\"wp-block-columns is-layout-flex wp-container-core-columns-is-layout-5 wp-block-columns-is-layout-flex\">\n<div class=\"wp-block-column get-inspired inspired-multiple-slider is-layout-flow wp-block-column-is-layout-flow\">\n<div class=\"wp-block-columns row no-gutters is-layout-flex wp-container-core-columns-is-layout-2 wp-block-columns-is-layout-flex\">\n<div class=\"wp-block-column col-lg-6 col-12 m-0 is-layout-flow wp-block-column-is-layout-flow\"><div class=\"slider-heading\">\r\n    <h3 class=\"gt-title\">Balkon \u00c7at\u0131s\u0131, Balkon<\/h3>\r\n<\/div>\r\n<div class=\"swiper-container inspired-slider\">\r\n    <!-- Additional required wrapper -->\r\n    <div class=\"swiper-wrapper get-inspire-gallery\" itemscope>\r\n                <figure class=\"swiper-slide\" itemprop=\"associatedMedia\" itemscope>\r\n            <a title=\"click to zoom-in\" href=\"https:\/\/greenlamclads.com\/turkish\/wp-content\/uploads\/sites\/2\/2022\/02\/Balcony-Roof_4.jpg\" itemprop=\"contentUrl\">\r\n                <div class=\"img-wrapper\">\r\n                    <img decoding=\"async\" class=\"s--img\" src=\"https:\/\/greenlamclads.com\/turkish\/wp-content\/uploads\/sites\/2\/2022\/02\/Balcony-Roof_ENIGMA_9104_476x833.jpg\" itemprop=\"thumbnail\"\r\n                        alt=\"\" \/>\r\n                    <div class=\"image-overlay\">\r\n                        <i class=\"icon icon-search\"><\/i>\r\n                        <!-- <h4 class=\"title-over-image\">9273 MURKY GREY<\/h4> -->\r\n                    <\/div>\r\n                <\/div>\r\n            <\/a>\r\n            \r\n        <\/figure>\r\n                <figure class=\"swiper-slide\" itemprop=\"associatedMedia\" itemscope>\r\n            <a title=\"click to zoom-in\" href=\"https:\/\/greenlamclads.com\/turkish\/wp-content\/uploads\/sites\/2\/2022\/02\/Balcony-Option_3_murkyGrey.jpg\" itemprop=\"contentUrl\">\r\n                <div class=\"img-wrapper\">\r\n                    <img decoding=\"async\" class=\"s--img\" src=\"https:\/\/greenlamclads.com\/turkish\/wp-content\/uploads\/sites\/2\/2022\/02\/balcony_inspire_MURKY_-GREY_9273_476x833.jpg\" itemprop=\"thumbnail\"\r\n                        alt=\"\" \/>\r\n                    <div class=\"image-overlay\">\r\n                        <i class=\"icon icon-search\"><\/i>\r\n                        <!-- <h4 class=\"title-over-image\">9273 MURKY GREY<\/h4> -->\r\n                    <\/div>\r\n                <\/div>\r\n            <\/a>\r\n            \r\n        <\/figure>\r\n            <\/div>\r\n    <!-- If we need Pagination buttons -->\r\n    <div class=\"swiper-pagination\"><\/div>\r\n<\/div>\r\n<\/div>\n\n\n\n<div class=\"wp-block-column col-lg-6 col-12 m-0 is-layout-flow wp-block-column-is-layout-flow\"><div class=\"slider-heading\">\r\n    <h3 class=\"gt-title\">Kap\u0131<\/h3>\r\n<\/div>\r\n<div class=\"swiper-container inspired-slider\">\r\n    <!-- Additional required wrapper -->\r\n    <div class=\"swiper-wrapper get-inspire-gallery\" itemscope>\r\n                <figure class=\"swiper-slide\" itemprop=\"associatedMedia\" itemscope>\r\n            <a title=\"click to zoom-in\" href=\"https:\/\/greenlamclads.com\/turkish\/wp-content\/uploads\/sites\/2\/2022\/02\/Boundary-Wall-Application_2.jpg\" itemprop=\"contentUrl\">\r\n                <div class=\"img-wrapper\">\r\n                    <img decoding=\"async\" class=\"s--img\" src=\"https:\/\/greenlamclads.com\/turkish\/wp-content\/uploads\/sites\/2\/2022\/02\/gate_inspire_METROPOLITAN_9204_476x833.jpg\" itemprop=\"thumbnail\"\r\n                        alt=\"\" \/>\r\n                    <div class=\"image-overlay\">\r\n                        <i class=\"icon icon-search\"><\/i>\r\n                        <!-- <h4 class=\"title-over-image\">9273 MURKY GREY<\/h4> -->\r\n                    <\/div>\r\n                <\/div>\r\n            <\/a>\r\n            \r\n        <\/figure>\r\n                <figure class=\"swiper-slide\" itemprop=\"associatedMedia\" itemscope>\r\n            <a title=\"click to zoom-in\" href=\"https:\/\/greenlamclads.com\/turkish\/wp-content\/uploads\/sites\/2\/2022\/02\/9273-Murky-Grey-1-scaled-1.jpg\" itemprop=\"contentUrl\">\r\n                <div class=\"img-wrapper\">\r\n                    <img decoding=\"async\" class=\"s--img\" src=\"https:\/\/greenlamclads.com\/turkish\/wp-content\/uploads\/sites\/2\/2022\/02\/Gate_inspire_9273_Murky-Grey_476x833.jpg\" itemprop=\"thumbnail\"\r\n                        alt=\"\" \/>\r\n                    <div class=\"image-overlay\">\r\n                        <i class=\"icon icon-search\"><\/i>\r\n                        <!-- <h4 class=\"title-over-image\">9273 MURKY GREY<\/h4> -->\r\n                    <\/div>\r\n                <\/div>\r\n            <\/a>\r\n            \r\n        <\/figure>\r\n                <figure class=\"swiper-slide\" itemprop=\"associatedMedia\" itemscope>\r\n            <a title=\"click to zoom-in\" href=\"https:\/\/greenlamclads.com\/turkish\/wp-content\/uploads\/sites\/2\/2022\/02\/inspiration_1.jpg\" itemprop=\"contentUrl\">\r\n                <div class=\"img-wrapper\">\r\n                    <img decoding=\"async\" class=\"s--img\" src=\"https:\/\/greenlamclads.com\/turkish\/wp-content\/uploads\/sites\/2\/2022\/02\/gate_inspire_SMOLDERED-WOOD_9103_476x833.jpg\" itemprop=\"thumbnail\"\r\n                        alt=\"\" \/>\r\n                    <div class=\"image-overlay\">\r\n                        <i class=\"icon icon-search\"><\/i>\r\n                        <!-- <h4 class=\"title-over-image\">9273 MURKY GREY<\/h4> -->\r\n                    <\/div>\r\n                <\/div>\r\n            <\/a>\r\n            \r\n        <\/figure>\r\n                <figure class=\"swiper-slide\" itemprop=\"associatedMedia\" itemscope>\r\n            <a title=\"click to zoom-in\" href=\"https:\/\/greenlamclads.com\/turkish\/wp-content\/uploads\/sites\/2\/2022\/02\/9203-Cementrio-scaled-1.jpg\" itemprop=\"contentUrl\">\r\n                <div class=\"img-wrapper\">\r\n                    <img decoding=\"async\" class=\"s--img\" src=\"https:\/\/greenlamclads.com\/turkish\/wp-content\/uploads\/sites\/2\/2022\/02\/CNC_inspire_9203_Cementrio_476x833.jpg\" itemprop=\"thumbnail\"\r\n                        alt=\"\" \/>\r\n                    <div class=\"image-overlay\">\r\n                        <i class=\"icon icon-search\"><\/i>\r\n                        <!-- <h4 class=\"title-over-image\">9273 MURKY GREY<\/h4> -->\r\n                    <\/div>\r\n                <\/div>\r\n            <\/a>\r\n            \r\n        <\/figure>\r\n            <\/div>\r\n    <!-- If we need Pagination buttons -->\r\n    <div class=\"swiper-pagination\"><\/div>\r\n<\/div>\r\n<\/div>\n<\/div>\n\n\n\n<div class=\"wp-block-columns row no-gutters is-layout-flex wp-container-core-columns-is-layout-3 wp-block-columns-is-layout-flex\">\n<div class=\"wp-block-column col-lg-6 col-12 m-0 is-layout-flow wp-block-column-is-layout-flow\"><div class=\"slider-heading\">\r\n    <h3 class=\"gt-title\">Konut Cephesi<\/h3>\r\n<\/div>\r\n<div class=\"swiper-container inspired-slider\">\r\n    <!-- Additional required wrapper -->\r\n    <div class=\"swiper-wrapper get-inspire-gallery\" itemscope>\r\n                <figure class=\"swiper-slide\" itemprop=\"associatedMedia\" itemscope>\r\n            <a title=\"click to zoom-in\" href=\"https:\/\/greenlamclads.com\/turkish\/wp-content\/uploads\/sites\/2\/2021\/07\/residential_fasade_7_ChocoBrown.jpg\" itemprop=\"contentUrl\">\r\n                <div class=\"img-wrapper\">\r\n                    <img decoding=\"async\" class=\"s--img\" src=\"https:\/\/greenlamclads.com\/turkish\/wp-content\/uploads\/sites\/2\/2022\/02\/residential_fasade_7_ChocoBrown_long_size.jpg\" itemprop=\"thumbnail\"\r\n                        alt=\"\" \/>\r\n                    <div class=\"image-overlay\">\r\n                        <i class=\"icon icon-search\"><\/i>\r\n                        <!-- <h4 class=\"title-over-image\">9273 MURKY GREY<\/h4> -->\r\n                    <\/div>\r\n                <\/div>\r\n            <\/a>\r\n            \r\n        <\/figure>\r\n                <figure class=\"swiper-slide\" itemprop=\"associatedMedia\" itemscope>\r\n            <a title=\"click to zoom-in\" href=\"https:\/\/greenlamclads.com\/turkish\/wp-content\/uploads\/sites\/2\/2022\/02\/9271-Clear-White-9105-Caramel-Streak-scaled-1.jpg\" itemprop=\"contentUrl\">\r\n                <div class=\"img-wrapper\">\r\n                    <img decoding=\"async\" class=\"s--img\" src=\"https:\/\/greenlamclads.com\/turkish\/wp-content\/uploads\/sites\/2\/2022\/02\/Residential_inspiration_9105_Caramel-Streak_476x833.jpg\" itemprop=\"thumbnail\"\r\n                        alt=\"\" \/>\r\n                    <div class=\"image-overlay\">\r\n                        <i class=\"icon icon-search\"><\/i>\r\n                        <!-- <h4 class=\"title-over-image\">9273 MURKY GREY<\/h4> -->\r\n                    <\/div>\r\n                <\/div>\r\n            <\/a>\r\n            \r\n        <\/figure>\r\n            <\/div>\r\n    <!-- If we need Pagination buttons -->\r\n    <div class=\"swiper-pagination\"><\/div>\r\n<\/div>\r\n<\/div>\n\n\n\n<div class=\"wp-block-column col-lg-6 col-12 m-0 is-layout-flow wp-block-column-is-layout-flow\"><div class=\"slider-heading\">\r\n    <h3 class=\"gt-title\">Ticari Cephe<\/h3>\r\n<\/div>\r\n<div class=\"swiper-container inspired-slider\">\r\n    <!-- Additional required wrapper -->\r\n    <div class=\"swiper-wrapper get-inspire-gallery\" itemscope>\r\n                <figure class=\"swiper-slide\" itemprop=\"associatedMedia\" itemscope>\r\n            <a title=\"click to zoom-in\" href=\"https:\/\/greenlamclads.com\/turkish\/wp-content\/uploads\/sites\/2\/2021\/07\/Commercial_fasade_5_new.jpg\" itemprop=\"contentUrl\">\r\n                <div class=\"img-wrapper\">\r\n                    <img decoding=\"async\" class=\"s--img\" src=\"https:\/\/greenlamclads.com\/turkish\/wp-content\/uploads\/sites\/2\/2022\/02\/Commercial_fasade_5_new-1.jpg\" itemprop=\"thumbnail\"\r\n                        alt=\"\" \/>\r\n                    <div class=\"image-overlay\">\r\n                        <i class=\"icon icon-search\"><\/i>\r\n                        <!-- <h4 class=\"title-over-image\">9273 MURKY GREY<\/h4> -->\r\n                    <\/div>\r\n                <\/div>\r\n            <\/a>\r\n            \r\n        <\/figure>\r\n                <figure class=\"swiper-slide\" itemprop=\"associatedMedia\" itemscope>\r\n            <a title=\"click to zoom-in\" href=\"https:\/\/greenlamclads.com\/turkish\/wp-content\/uploads\/sites\/2\/2021\/07\/Header_4-1.png\" itemprop=\"contentUrl\">\r\n                <div class=\"img-wrapper\">\r\n                    <img decoding=\"async\" class=\"s--img\" src=\"https:\/\/greenlamclads.com\/turkish\/wp-content\/uploads\/sites\/2\/2022\/02\/Commercial_Facade_inspire_OREGON-OAK_9114_long_size.jpg\" itemprop=\"thumbnail\"\r\n                        alt=\"\" \/>\r\n                    <div class=\"image-overlay\">\r\n                        <i class=\"icon icon-search\"><\/i>\r\n                        <!-- <h4 class=\"title-over-image\">9273 MURKY GREY<\/h4> -->\r\n                    <\/div>\r\n                <\/div>\r\n            <\/a>\r\n            \r\n        <\/figure>\r\n            <\/div>\r\n    <!-- If we need Pagination buttons -->\r\n    <div class=\"swiper-pagination\"><\/div>\r\n<\/div>\r\n<\/div>\n<\/div>\n\n\n\n<div class=\"wp-block-columns row no-gutters is-layout-flex wp-container-core-columns-is-layout-4 wp-block-columns-is-layout-flex\">\n<div class=\"wp-block-column col-lg-6 col-12 m-0 is-layout-flow wp-block-column-is-layout-flow\"><div class=\"slider-heading\">\r\n    <h3 class=\"gt-title\">S\u0131n\u0131r Duvar\u0131 Uygulamas\u0131<\/h3>\r\n<\/div>\r\n<div class=\"swiper-container inspired-slider\">\r\n    <!-- Additional required wrapper -->\r\n    <div class=\"swiper-wrapper get-inspire-gallery\" itemscope>\r\n                <figure class=\"swiper-slide\" itemprop=\"associatedMedia\" itemscope>\r\n            <a title=\"click to zoom-in\" href=\"https:\/\/greenlamclads.com\/turkish\/wp-content\/uploads\/sites\/2\/2022\/02\/Wall_Exterior_Citron-Stone_9205.jpg\" itemprop=\"contentUrl\">\r\n                <div class=\"img-wrapper\">\r\n                    <img decoding=\"async\" class=\"s--img\" src=\"https:\/\/greenlamclads.com\/turkish\/wp-content\/uploads\/sites\/2\/2022\/02\/Wall_Exterior_Citron-Stone_9205_long_size.jpg\" itemprop=\"thumbnail\"\r\n                        alt=\"\" \/>\r\n                    <div class=\"image-overlay\">\r\n                        <i class=\"icon icon-search\"><\/i>\r\n                        <!-- <h4 class=\"title-over-image\">9273 MURKY GREY<\/h4> -->\r\n                    <\/div>\r\n                <\/div>\r\n            <\/a>\r\n            \r\n        <\/figure>\r\n                <figure class=\"swiper-slide\" itemprop=\"associatedMedia\" itemscope>\r\n            <a title=\"click to zoom-in\" href=\"https:\/\/greenlamclads.com\/turkish\/wp-content\/uploads\/sites\/2\/2021\/07\/CORAL-STREAK_9106-TRUSTED-TEAK_9112.jpg\" itemprop=\"contentUrl\">\r\n                <div class=\"img-wrapper\">\r\n                    <img decoding=\"async\" class=\"s--img\" src=\"https:\/\/greenlamclads.com\/turkish\/wp-content\/uploads\/sites\/2\/2022\/02\/CORAL-STREAK_9106-TRUSTED-TEAK_9112_long_size.jpg\" itemprop=\"thumbnail\"\r\n                        alt=\"\" \/>\r\n                    <div class=\"image-overlay\">\r\n                        <i class=\"icon icon-search\"><\/i>\r\n                        <!-- <h4 class=\"title-over-image\">9273 MURKY GREY<\/h4> -->\r\n                    <\/div>\r\n                <\/div>\r\n            <\/a>\r\n            \r\n        <\/figure>\r\n            <\/div>\r\n    <!-- If we need Pagination buttons -->\r\n    <div class=\"swiper-pagination\"><\/div>\r\n<\/div>\r\n<\/div>\n\n\n\n<div class=\"wp-block-column col-lg-6 col-12 m-0 is-layout-flow wp-block-column-is-layout-flow\"><div class=\"slider-heading\">\r\n    <h3 class=\"gt-title\">Panjurlar, Spor Salonlar\u0131 Kul\u00fcp Evleri<\/h3>\r\n<\/div>\r\n<div class=\"swiper-container inspired-slider\">\r\n    <!-- Additional required wrapper -->\r\n    <div class=\"swiper-wrapper get-inspire-gallery\" itemscope>\r\n                <figure class=\"swiper-slide\" itemprop=\"associatedMedia\" itemscope>\r\n            <a title=\"click to zoom-in\" href=\"https:\/\/greenlamclads.com\/turkish\/wp-content\/uploads\/sites\/2\/2022\/02\/Gym_inspiration_TRUSTED-TEAK_9112.jpg\" itemprop=\"contentUrl\">\r\n                <div class=\"img-wrapper\">\r\n                    <img decoding=\"async\" class=\"s--img\" src=\"https:\/\/greenlamclads.com\/turkish\/wp-content\/uploads\/sites\/2\/2022\/02\/Gym_inspiration_TRUSTED-TEAK_9112.jpg\" itemprop=\"thumbnail\"\r\n                        alt=\"\" \/>\r\n                    <div class=\"image-overlay\">\r\n                        <i class=\"icon icon-search\"><\/i>\r\n                        <!-- <h4 class=\"title-over-image\">9273 MURKY GREY<\/h4> -->\r\n                    <\/div>\r\n                <\/div>\r\n            <\/a>\r\n            \r\n        <\/figure>\r\n                <figure class=\"swiper-slide\" itemprop=\"associatedMedia\" itemscope>\r\n            <a title=\"click to zoom-in\" href=\"https:\/\/greenlamclads.com\/turkish\/wp-content\/uploads\/sites\/2\/2021\/07\/inspiration_5.jpg\" itemprop=\"contentUrl\">\r\n                <div class=\"img-wrapper\">\r\n                    <img decoding=\"async\" class=\"s--img\" src=\"https:\/\/greenlamclads.com\/turkish\/wp-content\/uploads\/sites\/2\/2022\/02\/Louvers_inspire_ENIGMA_9104_476x833.jpg\" itemprop=\"thumbnail\"\r\n                        alt=\"\" \/>\r\n                    <div class=\"image-overlay\">\r\n                        <i class=\"icon icon-search\"><\/i>\r\n                        <!-- <h4 class=\"title-over-image\">9273 MURKY GREY<\/h4> -->\r\n                    <\/div>\r\n                <\/div>\r\n            <\/a>\r\n            \r\n        <\/figure>\r\n            <\/div>\r\n    <!-- If we need Pagination buttons -->\r\n    <div class=\"swiper-pagination\"><\/div>\r\n<\/div>\r\n<\/div>\n<\/div>\n\n\n\n<div class=\"sustainability-download-brochure mt-4 mb-0 mb-md-4\"><a href=\"https:\/\/greenlamclads.com\/turkish\/wp-content\/uploads\/sites\/2\/2022\/02\/Geenlam-Clads-Inspiration-Booklet.pdf\" class=\"sustainability-download-brochure btn-black\" download=\"\">\u0130lham Katalo\u011fu<\/a><\/div>\n<\/div>\n<\/div>\n\n\n\n<p><\/p>\n","protected":false},"excerpt":{"rendered":"<p>Kat\u0131 ah\u015faplardan soyut \u00fcr\u00fcnlere kadar se\u00e7im yapabilece\u011finiz benzersiz bir koleksiyona sahibiz. Nereden ba\u015flayaca\u011f\u0131n\u0131z\u0131 bilmiyor musunuz? En \u00e7ok tercih edilen uygulamalar aras\u0131nda, canland\u0131r\u0131c\u0131 cephe, balkon, konut ve ticari kurulu\u015flar, hastaneler i\u00e7in kap\u0131, showroom cepheleri, vs. yer almaktad\u0131r. A\u015fa\u011f\u0131daki resimlere g\u00f6z at\u0131n ve dekor uygulamas\u0131n\u0131n detaylar\u0131 i\u00e7in resimleri t\u0131klay\u0131n. \u0130lham Katalo\u011fu<\/p>\n","protected":false},"author":1,"featured_media":0,"parent":0,"menu_order":0,"comment_status":"closed","ping_status":"closed","template":"","meta":{"footnotes":""},"class_list":["post-1180","page","type-page","status-publish","hentry"],"yoast_head":"<!-- This site is optimized with the Yoast SEO plugin v23.5 - https:\/\/yoast.com\/wordpress\/plugins\/seo\/ -->\n<title>\u0130lham Al\u0131n - Greenlam Kaplamalar<\/title>\n<meta name=\"robots\" content=\"index, follow, max-snippet:-1, max-image-preview:large, max-video-preview:-1\" \/>\n<meta property=\"og:locale\" content=\"en_US\" \/>\n<meta property=\"og:type\" content=\"article\" \/>\n<meta property=\"og:title\" content=\"\u0130lham Al\u0131n - Greenlam Kaplamalar\" \/>\n<meta property=\"og:description\" content=\"Kat\u0131 ah\u015faplardan soyut \u00fcr\u00fcnlere kadar se\u00e7im yapabilece\u011finiz benzersiz bir koleksiyona sahibiz. Nereden ba\u015flayaca\u011f\u0131n\u0131z\u0131 bilmiyor musunuz? En \u00e7ok tercih edilen uygulamalar aras\u0131nda, canland\u0131r\u0131c\u0131 cephe, balkon, konut ve ticari kurulu\u015flar, hastaneler i\u00e7in kap\u0131, showroom cepheleri, vs. yer almaktad\u0131r. A\u015fa\u011f\u0131daki resimlere g\u00f6z at\u0131n ve dekor uygulamas\u0131n\u0131n detaylar\u0131 i\u00e7in resimleri t\u0131klay\u0131n. \u0130lham Katalo\u011fu\" \/>\n<meta property=\"og:url\" content=\"https:\/\/greenlamclads.com\/turkish\/get-inspired\/\" \/>\n<meta property=\"og:site_name\" content=\"Greenlam Clads Turkish\" \/>\n<meta property=\"article:modified_time\" content=\"2022-02-08T09:40:21+00:00\" \/>\n<meta name=\"twitter:card\" content=\"summary_large_image\" \/>\n<meta name=\"twitter:label1\" content=\"Est. reading time\" \/>\n\t<meta name=\"twitter:data1\" content=\"1 minute\" \/>\n<script type=\"application\/ld+json\" class=\"yoast-schema-graph\">{\"@context\":\"https:\/\/schema.org\",\"@graph\":[{\"@type\":\"WebPage\",\"@id\":\"https:\/\/greenlamclads.com\/turkish\/get-inspired\/\",\"url\":\"https:\/\/greenlamclads.com\/turkish\/get-inspired\/\",\"name\":\"\u0130lham Al\u0131n - Greenlam Kaplamalar\",\"isPartOf\":{\"@id\":\"https:\/\/greenlamclads.com\/turkish\/#website\"},\"datePublished\":\"2021-08-11T08:41:12+00:00\",\"dateModified\":\"2022-02-08T09:40:21+00:00\",\"breadcrumb\":{\"@id\":\"https:\/\/greenlamclads.com\/turkish\/get-inspired\/#breadcrumb\"},\"inLanguage\":\"en-US\",\"potentialAction\":[{\"@type\":\"ReadAction\",\"target\":[\"https:\/\/greenlamclads.com\/turkish\/get-inspired\/\"]}]},{\"@type\":\"BreadcrumbList\",\"@id\":\"https:\/\/greenlamclads.com\/turkish\/get-inspired\/#breadcrumb\",\"itemListElement\":[{\"@type\":\"ListItem\",\"position\":1,\"name\":\"Anasayfa\",\"item\":\"https:\/\/greenlamclads.com\/turkish\/\"},{\"@type\":\"ListItem\",\"position\":2,\"name\":\"\u0130lham Al\u0131n\"}]},{\"@type\":\"WebSite\",\"@id\":\"https:\/\/greenlamclads.com\/turkish\/#website\",\"url\":\"https:\/\/greenlamclads.com\/turkish\/\",\"name\":\"Greenlam Clads Turkish\",\"description\":\"\",\"publisher\":{\"@id\":\"https:\/\/greenlamclads.com\/turkish\/#organization\"},\"potentialAction\":[{\"@type\":\"SearchAction\",\"target\":{\"@type\":\"EntryPoint\",\"urlTemplate\":\"https:\/\/greenlamclads.com\/turkish\/?s={search_term_string}\"},\"query-input\":{\"@type\":\"PropertyValueSpecification\",\"valueRequired\":true,\"valueName\":\"search_term_string\"}}],\"inLanguage\":\"en-US\"},{\"@type\":\"Organization\",\"@id\":\"https:\/\/greenlamclads.com\/turkish\/#organization\",\"name\":\"Greenlam Clads Turkish\",\"url\":\"https:\/\/greenlamclads.com\/turkish\/\",\"logo\":{\"@type\":\"ImageObject\",\"inLanguage\":\"en-US\",\"@id\":\"https:\/\/greenlamclads.com\/turkish\/#\/schema\/logo\/image\/\",\"url\":\"https:\/\/greenlamclads.com\/turkish\/wp-content\/uploads\/sites\/2\/2021\/07\/logo.png\",\"contentUrl\":\"https:\/\/greenlamclads.com\/turkish\/wp-content\/uploads\/sites\/2\/2021\/07\/logo.png\",\"width\":326,\"height\":98,\"caption\":\"Greenlam Clads Turkish\"},\"image\":{\"@id\":\"https:\/\/greenlamclads.com\/turkish\/#\/schema\/logo\/image\/\"}}]}<\/script>\n<!-- \/ Yoast SEO plugin. -->","yoast_head_json":{"title":"\u0130lham Al\u0131n - Greenlam Kaplamalar","robots":{"index":"index","follow":"follow","max-snippet":"max-snippet:-1","max-image-preview":"max-image-preview:large","max-video-preview":"max-video-preview:-1"},"og_locale":"en_US","og_type":"article","og_title":"\u0130lham Al\u0131n - Greenlam Kaplamalar","og_description":"Kat\u0131 ah\u015faplardan soyut \u00fcr\u00fcnlere kadar se\u00e7im yapabilece\u011finiz benzersiz bir koleksiyona sahibiz. Nereden ba\u015flayaca\u011f\u0131n\u0131z\u0131 bilmiyor musunuz? En \u00e7ok tercih edilen uygulamalar aras\u0131nda, canland\u0131r\u0131c\u0131 cephe, balkon, konut ve ticari kurulu\u015flar, hastaneler i\u00e7in kap\u0131, showroom cepheleri, vs. yer almaktad\u0131r. A\u015fa\u011f\u0131daki resimlere g\u00f6z at\u0131n ve dekor uygulamas\u0131n\u0131n detaylar\u0131 i\u00e7in resimleri t\u0131klay\u0131n. \u0130lham Katalo\u011fu","og_url":"https:\/\/greenlamclads.com\/turkish\/get-inspired\/","og_site_name":"Greenlam Clads Turkish","article_modified_time":"2022-02-08T09:40:21+00:00","twitter_card":"summary_large_image","twitter_misc":{"Est. reading time":"1 minute"},"schema":{"@context":"https:\/\/schema.org","@graph":[{"@type":"WebPage","@id":"https:\/\/greenlamclads.com\/turkish\/get-inspired\/","url":"https:\/\/greenlamclads.com\/turkish\/get-inspired\/","name":"\u0130lham Al\u0131n - Greenlam Kaplamalar","isPartOf":{"@id":"https:\/\/greenlamclads.com\/turkish\/#website"},"datePublished":"2021-08-11T08:41:12+00:00","dateModified":"2022-02-08T09:40:21+00:00","breadcrumb":{"@id":"https:\/\/greenlamclads.com\/turkish\/get-inspired\/#breadcrumb"},"inLanguage":"en-US","potentialAction":[{"@type":"ReadAction","target":["https:\/\/greenlamclads.com\/turkish\/get-inspired\/"]}]},{"@type":"BreadcrumbList","@id":"https:\/\/greenlamclads.com\/turkish\/get-inspired\/#breadcrumb","itemListElement":[{"@type":"ListItem","position":1,"name":"Anasayfa","item":"https:\/\/greenlamclads.com\/turkish\/"},{"@type":"ListItem","position":2,"name":"\u0130lham Al\u0131n"}]},{"@type":"WebSite","@id":"https:\/\/greenlamclads.com\/turkish\/#website","url":"https:\/\/greenlamclads.com\/turkish\/","name":"Greenlam Clads Turkish","description":"","publisher":{"@id":"https:\/\/greenlamclads.com\/turkish\/#organization"},"potentialAction":[{"@type":"SearchAction","target":{"@type":"EntryPoint","urlTemplate":"https:\/\/greenlamclads.com\/turkish\/?s={search_term_string}"},"query-input":{"@type":"PropertyValueSpecification","valueRequired":true,"valueName":"search_term_string"}}],"inLanguage":"en-US"},{"@type":"Organization","@id":"https:\/\/greenlamclads.com\/turkish\/#organization","name":"Greenlam Clads Turkish","url":"https:\/\/greenlamclads.com\/turkish\/","logo":{"@type":"ImageObject","inLanguage":"en-US","@id":"https:\/\/greenlamclads.com\/turkish\/#\/schema\/logo\/image\/","url":"https:\/\/greenlamclads.com\/turkish\/wp-content\/uploads\/sites\/2\/2021\/07\/logo.png","contentUrl":"https:\/\/greenlamclads.com\/turkish\/wp-content\/uploads\/sites\/2\/2021\/07\/logo.png","width":326,"height":98,"caption":"Greenlam Clads Turkish"},"image":{"@id":"https:\/\/greenlamclads.com\/turkish\/#\/schema\/logo\/image\/"}}]}},"_links":{"self":[{"href":"https:\/\/greenlamclads.com\/turkish\/wp-json\/wp\/v2\/pages\/1180"}],"collection":[{"href":"https:\/\/greenlamclads.com\/turkish\/wp-json\/wp\/v2\/pages"}],"about":[{"href":"https:\/\/greenlamclads.com\/turkish\/wp-json\/wp\/v2\/types\/page"}],"author":[{"embeddable":true,"href":"https:\/\/greenlamclads.com\/turkish\/wp-json\/wp\/v2\/users\/1"}],"replies":[{"embeddable":true,"href":"https:\/\/greenlamclads.com\/turkish\/wp-json\/wp\/v2\/comments?post=1180"}],"version-history":[{"count":15,"href":"https:\/\/greenlamclads.com\/turkish\/wp-json\/wp\/v2\/pages\/1180\/revisions"}],"predecessor-version":[{"id":1702,"href":"https:\/\/greenlamclads.com\/turkish\/wp-json\/wp\/v2\/pages\/1180\/revisions\/1702"}],"wp:attachment":[{"href":"https:\/\/greenlamclads.com\/turkish\/wp-json\/wp\/v2\/media?parent=1180"}],"curies":[{"name":"wp","href":"https:\/\/api.w.org\/{rel}","templated":true}]}}