{"id":1326,"date":"2021-12-27T19:09:27","date_gmt":"2021-12-27T19:09:27","guid":{"rendered":"http:\/\/13.232.20.87\/stagingarea\/greenlam-clads\/turkish\/interior-clads\/"},"modified":"2022-02-08T09:45:47","modified_gmt":"2022-02-08T09:45:47","slug":"interior-clads","status":"publish","type":"page","link":"https:\/\/greenlamclads.com\/turkey\/interior-clads\/","title":{"rendered":"\u0130\u00e7 Kaplamalar"},"content":{"rendered":"\n<div class=\"wp-block-columns media-section is-layout-flex wp-container-core-columns-is-layout-1 wp-block-columns-is-layout-flex\">\n<div class=\"wp-block-column container is-layout-flow wp-block-column-is-layout-flow\">\r\n\t<div class=\"heading-wrapper pl-0\">\r\n\t\t<h2 class=\"component-heading\">\u0130\u00e7 Kaplamalar  <\/h2>\r\n\r\n\t\t\t\t\t<h3 class=\"component-sub-heading\">Duvar\u0131n\u0131zda estetik koruma <\/h3>\r\n\t\t\t<\/div>\r\n\n\n\n<div class=\"wp-block-group row\"><div class=\"wp-block-group__inner-container is-layout-flow wp-block-group-is-layout-flow\">\n<div class=\"wp-block-group offset-xl-1 col-xl-11 col-12\"><div class=\"wp-block-group__inner-container is-layout-flow wp-block-group-is-layout-flow\">\n<div class=\"wp-block-group media-content clads-info\"><div class=\"wp-block-group__inner-container is-layout-flow wp-block-group-is-layout-flow\">\n<div class=\"wp-block-group read-content\"><div class=\"wp-block-group__inner-container is-layout-flow wp-block-group-is-layout-flow\">\n<p class=\"para\" id=\"greenlam-interior\">Greenlam \u0130\u00e7 Cephe Kaplama Sistemi, m\u00fcmk\u00fcn olan en az bak\u0131mla zorlu ko\u015fullara dayanacak \u015fekilde tasarlanm\u0131\u015f i\u00e7 cephe kaplama panelleri i\u00e7in devrim niteli\u011finde kaplama \u00e7\u00f6z\u00fcmleri sunar.Sa\u011fl\u0131k, Al\u0131\u015fveri\u015f Merkezleri, Havalimanlar\u0131, E\u011fitim Kurumlar\u0131, Ticari Alanlar, Metro \u0130stasyonlar\u0131, Tren \u0130stasyonlar\u0131 ve A\u011f\u0131rlama End\u00fcstrisi gibi uygulama alanlar\u0131 i\u00e7in son derece uygundur.\u2013 ve s\u0131r, arkas\u0131ndaki e\u015fsiz teknolojide yatmaktad\u0131r.<\/p>\n<p class=\"para\">Kat\u0131 dereceli y\u00fcksek bas\u0131n\u00e7l\u0131 kompakt laminatlardan yap\u0131lan Clads \u0130\u00e7 Cephe Kaplama panelleri, cesur ve g\u00fczelin ger\u00e7ek \u00f6rne\u011fidir.B\u00fcy\u00fcleyici esteti\u011fi, say\u0131s\u0131z renk se\u00e7ene\u011fi, ritmi ve derinli\u011fi bu laminatlar\u0131n her kalbi kazanmas\u0131n\u0131 sa\u011flar.Kurulum kolayl\u0131\u011f\u0131ndan kolay bak\u0131ma\u2013 Sistemlerimizi olas\u0131 her zorlu\u011fa kar\u015f\u0131 tam bir kazanan yapmak i\u00e7in 10 y\u0131ll\u0131k garantimizde g\u00f6r\u00fcld\u00fc\u011f\u00fc gibi, i\u00e7 kaplamalar\u0131m\u0131z kal\u0131c\u0131l\u0131k i\u00e7in planlanm\u0131\u015ft\u0131r.<\/p>\n<p class=\"para\">Y\u00fcksek darbe dayan\u0131m\u0131 ile solmaya, a\u015f\u0131nmaya, hava ko\u015fullar\u0131na ve yang\u0131na dayan\u0131kl\u0131 olacak \u015fekilde tasarlanm\u0131\u015ft\u0131r.Bununla birlikte, sizi d\u00f6rt bir yandan g\u00fcvende tutmak i\u00e7in Anti-vir\u00fcs, Anti-bakteriyel ve Anti-mantar olma g\u00fcvencesi ile gelirler.<\/p>\n<ul class=\"product-feature-list list-unstyled d-flex flex-wrap mt-5\">\n  <li class=\"col-xl-4 col-lg-4 col-md-4 col-6 col-xl-3 col-lg-3 col-md-3 col-6\">\n    <div class=\"img\">\n      <img decoding=\"async\" src=\"https:\/\/greenlamclads.com\/wp-content\/uploads\/2021\/12\/10_Years_Warranty.png\" class=\"img-fluid\" alt=\"\">\n    <\/div>\n    <div class=\"text\"> 10 y\u0131l <br> garanti <\/div>\n  <\/li>\n  <li class=\"col-xl-4 col-lg-4 col-md-4 col-6 col-xl-3 col-lg-3 col-md-3 col-6\">\n    <div class=\"img\">\n      <img decoding=\"async\" src=\"https:\/\/greenlamclads.com\/wp-content\/uploads\/2021\/12\/Water-Resistant.png\" class=\"img-fluid\" alt=\"\">\n    <\/div>\n    <div class=\"text\"> Su ge\u00e7irmez <\/div>\n  <\/li>\n  <li class=\"col-xl-4 col-lg-4 col-md-4 col-6 col-xl-3 col-lg-3 col-md-3 col-6\">\n    <div class=\"img\">\n      <img decoding=\"async\" src=\"https:\/\/greenlamclads.com\/wp-content\/uploads\/2021\/12\/Scratch_Resistant.png\" class=\"img-fluid\" alt=\"\">\n    <\/div>\n    <div class=\"text\"> \u00c7izilmeye <br> Dayan\u0131kl\u0131 <\/div>\n  <\/li>\n  <li class=\"col-xl-4 col-lg-4 col-md-4 col-6 col-xl-3 col-lg-3 col-md-3 col-6\">\n    <div class=\"img\">\n      <img decoding=\"async\" src=\"https:\/\/greenlamclads.com\/wp-content\/uploads\/2021\/12\/Impact_Resistant.png\" class=\"img-fluid\" alt=\"\">\n    <\/div>\n    <div class=\"text\"> Darbeye <br> Dayan\u0131kl\u0131 <\/div>\n  <\/li>\n  <li class=\"col-xl-4 col-lg-4 col-md-4 col-6 col-xl-3 col-lg-3 col-md-3 col-6\">\n    <div class=\"img\">\n      <img decoding=\"async\" src=\"https:\/\/greenlamclads.com\/wp-content\/uploads\/2021\/12\/Easy_Installation.png\" class=\"img-fluid\" alt=\"\">\n    <\/div>\n    <div class=\"text\"> Kolay <br> kurulum <\/div>\n  <\/li>\n  <li class=\"col-xl-4 col-lg-4 col-md-4 col-6 col-xl-3 col-lg-3 col-md-3 col-6\">\n    <div class=\"img\">\n      <img decoding=\"async\" src=\"https:\/\/greenlamclads.com\/wp-content\/uploads\/2021\/12\/Easy_to_Clean.png\" class=\"img-fluid\" alt=\"\">\n    <\/div>\n    <div class=\"text\"> Temizlemesi <br> kolay <\/div>\n  <\/li>\n  <li class=\"col-xl-4 col-lg-4 col-md-4 col-6 col-xl-3 col-lg-3 col-md-3 col-6\">\n    <div class=\"img\">\n      <img decoding=\"async\" src=\"https:\/\/greenlamclads.com\/wp-content\/uploads\/2021\/12\/Anti-Virus.png\" class=\"img-fluid\" alt=\"\">\n    <\/div>\n    <div class=\"text\"> antivir\u00fcs <\/div>\n  <\/li>\n  <li class=\"col-xl-4 col-lg-4 col-md-4 col-6 col-xl-3 col-lg-3 col-md-3 col-6\">\n    <div class=\"img\">\n      <img decoding=\"async\" src=\"https:\/\/greenlamclads.com\/wp-content\/uploads\/2021\/12\/Solvent_Resistant.png\" class=\"img-fluid\" alt=\"\">\n    <\/div>\n    <div class=\"text\"> solvente <br> dayan\u0131kl\u0131 <\/div>\n  <\/li>\n  <li class=\"col-xl-4 col-lg-4 col-md-4 col-6 col-xl-3 col-lg-3 col-md-3 col-6\">\n    <div class=\"img\">\n      <img decoding=\"async\" src=\"https:\/\/greenlamclads.com\/wp-content\/uploads\/2021\/12\/Abrasion_Resistant.png\" class=\"img-fluid\" alt=\"\">\n    <\/div>\n    <div class=\"text\"> A\u015f\u0131nmaya <br> Dayan\u0131kl\u0131 <\/div>\n  <\/li>\n<\/ul>\n<\/div><\/div>\n<\/div><\/div>\n<\/div><\/div>\n<\/div><\/div>\n<\/div>\n<\/div>\n\n\n\n<p><\/p>\n","protected":false},"excerpt":{"rendered":"<p>Greenlam \u0130\u00e7 Cephe Kaplama Sistemi, m\u00fcmk\u00fcn olan en az bak\u0131mla zorlu ko\u015fullara dayanacak \u015fekilde tasarlanm\u0131\u015f i\u00e7 cephe kaplama panelleri i\u00e7in devrim niteli\u011finde kaplama \u00e7\u00f6z\u00fcmleri sunar.Sa\u011fl\u0131k, Al\u0131\u015fveri\u015f Merkezleri, Havalimanlar\u0131, E\u011fitim Kurumlar\u0131, Ticari Alanlar, Metro \u0130stasyonlar\u0131, Tren \u0130stasyonlar\u0131 ve A\u011f\u0131rlama End\u00fcstrisi gibi uygulama alanlar\u0131 i\u00e7in son derece uygundur.\u2013 ve s\u0131r, arkas\u0131ndaki e\u015fsiz teknolojide yatmaktad\u0131r. Kat\u0131 dereceli y\u00fcksek [&hellip;]<\/p>\n","protected":false},"author":1,"featured_media":0,"parent":0,"menu_order":0,"comment_status":"closed","ping_status":"closed","template":"","meta":{"footnotes":""},"class_list":["post-1326","page","type-page","status-publish","hentry"],"yoast_head":"<!-- This site is optimized with the Yoast SEO plugin v23.5 - https:\/\/yoast.com\/wordpress\/plugins\/seo\/ -->\n<title>\u0130\u00e7 Cephe Kaplamalar\u0131 - Greenlam Kaplamalar\u0131<\/title>\n<meta name=\"robots\" content=\"index, follow, max-snippet:-1, max-image-preview:large, max-video-preview:-1\" \/>\n<meta property=\"og:locale\" content=\"en_US\" \/>\n<meta property=\"og:type\" content=\"article\" \/>\n<meta property=\"og:title\" content=\"\u0130\u00e7 Cephe Kaplamalar\u0131 - Greenlam Kaplamalar\u0131\" \/>\n<meta property=\"og:description\" content=\"Greenlam \u0130\u00e7 Cephe Kaplama Sistemi, m\u00fcmk\u00fcn olan en az bak\u0131mla zorlu ko\u015fullara dayanacak \u015fekilde tasarlanm\u0131\u015f i\u00e7 cephe kaplama panelleri i\u00e7in devrim niteli\u011finde kaplama \u00e7\u00f6z\u00fcmleri sunar.Sa\u011fl\u0131k, Al\u0131\u015fveri\u015f Merkezleri, Havalimanlar\u0131, E\u011fitim Kurumlar\u0131, Ticari Alanlar, Metro \u0130stasyonlar\u0131, Tren \u0130stasyonlar\u0131 ve A\u011f\u0131rlama End\u00fcstrisi gibi uygulama alanlar\u0131 i\u00e7in son derece uygundur.\u2013 ve s\u0131r, arkas\u0131ndaki e\u015fsiz teknolojide yatmaktad\u0131r. Kat\u0131 dereceli y\u00fcksek [&hellip;]\" \/>\n<meta property=\"og:url\" content=\"https:\/\/greenlamclads.com\/turkey\/interior-clads\/\" \/>\n<meta property=\"og:site_name\" content=\"Greenlam Clads Turkish\" \/>\n<meta property=\"article:modified_time\" content=\"2022-02-08T09:45:47+00:00\" \/>\n<meta property=\"og:image\" content=\"https:\/\/greenlamclads.com\/wp-content\/uploads\/2021\/12\/10_Years_Warranty.png\" \/>\n<meta name=\"twitter:card\" content=\"summary_large_image\" \/>\n<meta name=\"twitter:label1\" content=\"Est. reading time\" \/>\n\t<meta name=\"twitter:data1\" content=\"3 minutes\" \/>\n<script type=\"application\/ld+json\" class=\"yoast-schema-graph\">{\"@context\":\"https:\/\/schema.org\",\"@graph\":[{\"@type\":\"WebPage\",\"@id\":\"https:\/\/greenlamclads.com\/turkey\/interior-clads\/\",\"url\":\"https:\/\/greenlamclads.com\/turkey\/interior-clads\/\",\"name\":\"\u0130\u00e7 Cephe Kaplamalar\u0131 - Greenlam Kaplamalar\u0131\",\"isPartOf\":{\"@id\":\"https:\/\/greenlamclads.com\/turkey\/#website\"},\"primaryImageOfPage\":{\"@id\":\"https:\/\/greenlamclads.com\/turkey\/interior-clads\/#primaryimage\"},\"image\":{\"@id\":\"https:\/\/greenlamclads.com\/turkey\/interior-clads\/#primaryimage\"},\"thumbnailUrl\":\"https:\/\/greenlamclads.com\/wp-content\/uploads\/2021\/12\/10_Years_Warranty.png\",\"datePublished\":\"2021-12-27T19:09:27+00:00\",\"dateModified\":\"2022-02-08T09:45:47+00:00\",\"breadcrumb\":{\"@id\":\"https:\/\/greenlamclads.com\/turkey\/interior-clads\/#breadcrumb\"},\"inLanguage\":\"en-US\",\"potentialAction\":[{\"@type\":\"ReadAction\",\"target\":[\"https:\/\/greenlamclads.com\/turkey\/interior-clads\/\"]}]},{\"@type\":\"ImageObject\",\"inLanguage\":\"en-US\",\"@id\":\"https:\/\/greenlamclads.com\/turkey\/interior-clads\/#primaryimage\",\"url\":\"https:\/\/greenlamclads.com\/wp-content\/uploads\/2021\/12\/10_Years_Warranty.png\",\"contentUrl\":\"https:\/\/greenlamclads.com\/wp-content\/uploads\/2021\/12\/10_Years_Warranty.png\"},{\"@type\":\"BreadcrumbList\",\"@id\":\"https:\/\/greenlamclads.com\/turkey\/interior-clads\/#breadcrumb\",\"itemListElement\":[{\"@type\":\"ListItem\",\"position\":1,\"name\":\"Anasayfa\",\"item\":\"https:\/\/greenlamclads.com\/turkey\/\"},{\"@type\":\"ListItem\",\"position\":2,\"name\":\"\u0130\u00e7 Kaplamalar\"}]},{\"@type\":\"WebSite\",\"@id\":\"https:\/\/greenlamclads.com\/turkey\/#website\",\"url\":\"https:\/\/greenlamclads.com\/turkey\/\",\"name\":\"Greenlam Clads Turkish\",\"description\":\"\",\"publisher\":{\"@id\":\"https:\/\/greenlamclads.com\/turkey\/#organization\"},\"potentialAction\":[{\"@type\":\"SearchAction\",\"target\":{\"@type\":\"EntryPoint\",\"urlTemplate\":\"https:\/\/greenlamclads.com\/turkey\/?s={search_term_string}\"},\"query-input\":{\"@type\":\"PropertyValueSpecification\",\"valueRequired\":true,\"valueName\":\"search_term_string\"}}],\"inLanguage\":\"en-US\"},{\"@type\":\"Organization\",\"@id\":\"https:\/\/greenlamclads.com\/turkey\/#organization\",\"name\":\"Greenlam Clads Turkish\",\"url\":\"https:\/\/greenlamclads.com\/turkey\/\",\"logo\":{\"@type\":\"ImageObject\",\"inLanguage\":\"en-US\",\"@id\":\"https:\/\/greenlamclads.com\/turkey\/#\/schema\/logo\/image\/\",\"url\":\"https:\/\/greenlamclads.com\/turkey\/wp-content\/uploads\/sites\/2\/2021\/07\/logo.png\",\"contentUrl\":\"https:\/\/greenlamclads.com\/turkey\/wp-content\/uploads\/sites\/2\/2021\/07\/logo.png\",\"width\":326,\"height\":98,\"caption\":\"Greenlam Clads Turkish\"},\"image\":{\"@id\":\"https:\/\/greenlamclads.com\/turkey\/#\/schema\/logo\/image\/\"}}]}<\/script>\n<!-- \/ Yoast SEO plugin. -->","yoast_head_json":{"title":"\u0130\u00e7 Cephe Kaplamalar\u0131 - Greenlam Kaplamalar\u0131","robots":{"index":"index","follow":"follow","max-snippet":"max-snippet:-1","max-image-preview":"max-image-preview:large","max-video-preview":"max-video-preview:-1"},"og_locale":"en_US","og_type":"article","og_title":"\u0130\u00e7 Cephe Kaplamalar\u0131 - Greenlam Kaplamalar\u0131","og_description":"Greenlam \u0130\u00e7 Cephe Kaplama Sistemi, m\u00fcmk\u00fcn olan en az bak\u0131mla zorlu ko\u015fullara dayanacak \u015fekilde tasarlanm\u0131\u015f i\u00e7 cephe kaplama panelleri i\u00e7in devrim niteli\u011finde kaplama \u00e7\u00f6z\u00fcmleri sunar.Sa\u011fl\u0131k, Al\u0131\u015fveri\u015f Merkezleri, Havalimanlar\u0131, E\u011fitim Kurumlar\u0131, Ticari Alanlar, Metro \u0130stasyonlar\u0131, Tren \u0130stasyonlar\u0131 ve A\u011f\u0131rlama End\u00fcstrisi gibi uygulama alanlar\u0131 i\u00e7in son derece uygundur.\u2013 ve s\u0131r, arkas\u0131ndaki e\u015fsiz teknolojide yatmaktad\u0131r. Kat\u0131 dereceli y\u00fcksek [&hellip;]","og_url":"https:\/\/greenlamclads.com\/turkey\/interior-clads\/","og_site_name":"Greenlam Clads Turkish","article_modified_time":"2022-02-08T09:45:47+00:00","og_image":[{"url":"https:\/\/greenlamclads.com\/wp-content\/uploads\/2021\/12\/10_Years_Warranty.png"}],"twitter_card":"summary_large_image","twitter_misc":{"Est. reading time":"3 minutes"},"schema":{"@context":"https:\/\/schema.org","@graph":[{"@type":"WebPage","@id":"https:\/\/greenlamclads.com\/turkey\/interior-clads\/","url":"https:\/\/greenlamclads.com\/turkey\/interior-clads\/","name":"\u0130\u00e7 Cephe Kaplamalar\u0131 - Greenlam Kaplamalar\u0131","isPartOf":{"@id":"https:\/\/greenlamclads.com\/turkey\/#website"},"primaryImageOfPage":{"@id":"https:\/\/greenlamclads.com\/turkey\/interior-clads\/#primaryimage"},"image":{"@id":"https:\/\/greenlamclads.com\/turkey\/interior-clads\/#primaryimage"},"thumbnailUrl":"https:\/\/greenlamclads.com\/wp-content\/uploads\/2021\/12\/10_Years_Warranty.png","datePublished":"2021-12-27T19:09:27+00:00","dateModified":"2022-02-08T09:45:47+00:00","breadcrumb":{"@id":"https:\/\/greenlamclads.com\/turkey\/interior-clads\/#breadcrumb"},"inLanguage":"en-US","potentialAction":[{"@type":"ReadAction","target":["https:\/\/greenlamclads.com\/turkey\/interior-clads\/"]}]},{"@type":"ImageObject","inLanguage":"en-US","@id":"https:\/\/greenlamclads.com\/turkey\/interior-clads\/#primaryimage","url":"https:\/\/greenlamclads.com\/wp-content\/uploads\/2021\/12\/10_Years_Warranty.png","contentUrl":"https:\/\/greenlamclads.com\/wp-content\/uploads\/2021\/12\/10_Years_Warranty.png"},{"@type":"BreadcrumbList","@id":"https:\/\/greenlamclads.com\/turkey\/interior-clads\/#breadcrumb","itemListElement":[{"@type":"ListItem","position":1,"name":"Anasayfa","item":"https:\/\/greenlamclads.com\/turkey\/"},{"@type":"ListItem","position":2,"name":"\u0130\u00e7 Kaplamalar"}]},{"@type":"WebSite","@id":"https:\/\/greenlamclads.com\/turkey\/#website","url":"https:\/\/greenlamclads.com\/turkey\/","name":"Greenlam Clads Turkish","description":"","publisher":{"@id":"https:\/\/greenlamclads.com\/turkey\/#organization"},"potentialAction":[{"@type":"SearchAction","target":{"@type":"EntryPoint","urlTemplate":"https:\/\/greenlamclads.com\/turkey\/?s={search_term_string}"},"query-input":{"@type":"PropertyValueSpecification","valueRequired":true,"valueName":"search_term_string"}}],"inLanguage":"en-US"},{"@type":"Organization","@id":"https:\/\/greenlamclads.com\/turkey\/#organization","name":"Greenlam Clads Turkish","url":"https:\/\/greenlamclads.com\/turkey\/","logo":{"@type":"ImageObject","inLanguage":"en-US","@id":"https:\/\/greenlamclads.com\/turkey\/#\/schema\/logo\/image\/","url":"https:\/\/greenlamclads.com\/turkey\/wp-content\/uploads\/sites\/2\/2021\/07\/logo.png","contentUrl":"https:\/\/greenlamclads.com\/turkey\/wp-content\/uploads\/sites\/2\/2021\/07\/logo.png","width":326,"height":98,"caption":"Greenlam Clads Turkish"},"image":{"@id":"https:\/\/greenlamclads.com\/turkey\/#\/schema\/logo\/image\/"}}]}},"_links":{"self":[{"href":"https:\/\/greenlamclads.com\/turkey\/wp-json\/wp\/v2\/pages\/1326"}],"collection":[{"href":"https:\/\/greenlamclads.com\/turkey\/wp-json\/wp\/v2\/pages"}],"about":[{"href":"https:\/\/greenlamclads.com\/turkey\/wp-json\/wp\/v2\/types\/page"}],"author":[{"embeddable":true,"href":"https:\/\/greenlamclads.com\/turkey\/wp-json\/wp\/v2\/users\/1"}],"replies":[{"embeddable":true,"href":"https:\/\/greenlamclads.com\/turkey\/wp-json\/wp\/v2\/comments?post=1326"}],"version-history":[{"count":5,"href":"https:\/\/greenlamclads.com\/turkey\/wp-json\/wp\/v2\/pages\/1326\/revisions"}],"predecessor-version":[{"id":1502,"href":"https:\/\/greenlamclads.com\/turkey\/wp-json\/wp\/v2\/pages\/1326\/revisions\/1502"}],"wp:attachment":[{"href":"https:\/\/greenlamclads.com\/turkey\/wp-json\/wp\/v2\/media?parent=1326"}],"curies":[{"name":"wp","href":"https:\/\/api.w.org\/{rel}","templated":true}]}}