{"id":4146,"date":"2021-12-27T19:09:27","date_gmt":"2021-12-27T13:39:27","guid":{"rendered":"https:\/\/staging.greenlamclads.com\/spanish\/?page_id=4146"},"modified":"2023-04-05T15:09:10","modified_gmt":"2023-04-05T09:39:10","slug":"interior-clads","status":"publish","type":"page","link":"https:\/\/greenlamclads.com\/spanish\/interior-clads\/","title":{"rendered":"Revestimientos interiores"},"content":{"rendered":"\n<div class=\"wp-block-columns media-section is-layout-flex wp-container-core-columns-is-layout-1 wp-block-columns-is-layout-flex\">\n<div class=\"wp-block-column container is-layout-flow wp-block-column-is-layout-flow\">\r\n\t<div class=\"heading-wrapper pl-0\">\r\n\t\t<h2 class=\"component-heading\">Revestimientos interiores <\/h2>\r\n\r\n\t\t\t\t\t<h3 class=\"component-sub-heading\">La protecci\u00f3n est\u00e9tica de su pared <\/h3>\r\n\t\t\t<\/div>\r\n\n\n\n<div class=\"wp-block-group row\"><div class=\"wp-block-group__inner-container is-layout-flow wp-block-group-is-layout-flow\">\n<div class=\"wp-block-group offset-xl-1 col-xl-11 col-12\"><div class=\"wp-block-group__inner-container is-layout-flow wp-block-group-is-layout-flow\">\n<div class=\"wp-block-group media-content clads-info\"><div class=\"wp-block-group__inner-container is-layout-flow wp-block-group-is-layout-flow\">\n<div class=\"wp-block-group read-content\"><div class=\"wp-block-group__inner-container is-layout-flow wp-block-group-is-layout-flow\">\n<p class=\"para\" id=\"greenlam-interior\">El sistema de revestimiento interior Greenlam ofrece una soluci\u00f3n revolucionaria para paneles de superficie interiores que est\u00e1n dise\u00f1ados para resistir condiciones duras con el m\u00ednimo mantenimiento posible. Su uso est\u00e1 absolutamente recomendado en \u00e1reas como centros sanitarios, centros comerciales, aeropuertos, instituciones educativas y comerciales, estaciones de metro y ferroviarias, y hosteler\u00eda; el secreto reside en la inigualable tecnolog\u00eda que lo respalda.<\/p>\n<p class=\"para\">Fabricados con s\u00f3lidas l\u00e1minas compactas de alta presi\u00f3n, los paneles de revestimiento interior son el claro ejemplo de belleza y atrevimiento. Su cautivadora est\u00e9tica, la numerosa variedad de colores, sus ritmos, y profundidad, han hecho que estos laminados sean fascinantes para todo el mundo. Desde la sencillez de su instalaci\u00f3n hasta su mantenimiento simple, nuestros revestimientos de interiores est\u00e1n pensados para durar, como demuestra nuestra garant\u00eda de 10 a\u00f1os, lo que convierte a nuestros sistemas como aut\u00e9nticos ganadores frente a cualquier reto.<\/p>\n\n<p class=\"para\">Est\u00e1n dise\u00f1ados para ser resistentes a la decoloraci\u00f3n, a la abrasi\u00f3n, a las condiciones clim\u00e1ticas adversas, al fuego y a los impactos. Junto a ello, cuentan con la garant\u00eda de ser antivirus, antibacterias y antihongos para mantenerle a salvo en todos los aspectos.<\/p>\n<ul class=\"product-feature-list list-unstyled d-flex flex-wrap mt-5\">\n  <li class=\"col-xl-4 col-lg-4 col-md-4 col-6 col-xl-3 col-lg-3 col-md-3 col-6\">\n    <div class=\"img\">\n      <img decoding=\"async\" src=\"https:\/\/greenlamclads.com\/spanish\/wp-content\/uploads\/sites\/9\/2022\/04\/10_Years_Warranty.png\" class=\"img-fluid\" alt=\"\">\n    <\/div>\n    <div class=\"text\"> Garant\u00eda de 10 a\u00f1os <\/div>\n  <\/li>\n  <li class=\"col-xl-4 col-lg-4 col-md-4 col-6 col-xl-3 col-lg-3 col-md-3 col-6\">\n    <div class=\"img\">\n      <img decoding=\"async\" src=\"https:\/\/greenlamclads.com\/spanish\/wp-content\/uploads\/sites\/9\/2022\/04\/Water-Resistant.png\" class=\"img-fluid\" alt=\"\">\n    <\/div>\n    <div class=\"text\"> Resistencia al agua <\/div>\n  <\/li>\n  <li class=\"col-xl-4 col-lg-4 col-md-4 col-6 col-xl-3 col-lg-3 col-md-3 col-6\">\n    <div class=\"img\">\n      <img decoding=\"async\" src=\"https:\/\/greenlamclads.com\/spanish\/wp-content\/uploads\/sites\/9\/2022\/04\/Scratch_Resistant.png\" class=\"img-fluid\" alt=\"\">\n    <\/div>\n    <div class=\"text\"> Resistencia a ara\u00f1azos<\/div>\n  <\/li>\n  <li class=\"col-xl-4 col-lg-4 col-md-4 col-6 col-xl-3 col-lg-3 col-md-3 col-6\">\n    <div class=\"img\">\n      <img decoding=\"async\" src=\"https:\/\/greenlamclads.com\/spanish\/wp-content\/uploads\/sites\/9\/2022\/04\/Impact_Resistant.png\" class=\"img-fluid\" alt=\"\">\n    <\/div>\n    <div class=\"text\"> Resistencia a impactos <\/div>\n  <\/li>\n  <li class=\"col-xl-4 col-lg-4 col-md-4 col-6 col-xl-3 col-lg-3 col-md-3 col-6\">\n    <div class=\"img\">\n      <img decoding=\"async\" src=\"https:\/\/greenlamclads.com\/spanish\/wp-content\/uploads\/sites\/9\/2022\/04\/Easy_Installation.png\" class=\"img-fluid\" alt=\"\">\n    <\/div>\n    <div class=\"text\"> F\u00e1cil <br> Instalaci\u00f3n <\/div>\n  <\/li>\n  <li class=\"col-xl-4 col-lg-4 col-md-4 col-6 col-xl-3 col-lg-3 col-md-3 col-6\">\n    <div class=\"img\">\n      <img decoding=\"async\" src=\"https:\/\/greenlamclads.com\/spanish\/wp-content\/uploads\/sites\/9\/2022\/05\/Easy_to_Clean.png\" class=\"img-fluid\" alt=\"\">\n    <\/div>\n    <div class=\"text\"> f\u00e1cil <br> Limpieza <\/div>\n  <\/li>\n  <li class=\"col-xl-4 col-lg-4 col-md-4 col-6 col-xl-3 col-lg-3 col-md-3 col-6\">\n    <div class=\"img\">\n      <img decoding=\"async\" src=\"https:\/\/greenlamclads.com\/spanish\/wp-content\/uploads\/sites\/9\/2022\/04\/Anti-Virus.png\" class=\"img-fluid\" alt=\"\">\n    <\/div>\n    <div class=\"text\"> Anti <br> Virus <\/div>\n  <\/li>\n  <li class=\"col-xl-4 col-lg-4 col-md-4 col-6 col-xl-3 col-lg-3 col-md-3 col-6\">\n    <div class=\"img\">\n      <img decoding=\"async\" src=\"https:\/\/greenlamclads.com\/spanish\/wp-content\/uploads\/sites\/9\/2022\/04\/Solvent_Resistant.png\" class=\"img-fluid\" alt=\"\">\n    <\/div>\n    <div class=\"text\"> Resistencia a disolventes <\/div>\n  <\/li>\n  <li class=\"col-xl-4 col-lg-4 col-md-4 col-6 col-xl-3 col-lg-3 col-md-3 col-6\">\n    <div class=\"img\">\n      <img decoding=\"async\" src=\"https:\/\/greenlamclads.com\/spanish\/wp-content\/uploads\/sites\/9\/2022\/04\/Abrasion_Resistant.png\" class=\"img-fluid\" alt=\"\">\n    <\/div>\n    <div class=\"text\"> Resistencia a abrasions <\/div>\n  <\/li>\n<\/ul>\n<\/div><\/div>\n<\/div><\/div>\n<\/div><\/div>\n<\/div><\/div>\n<\/div>\n<\/div>\n\n\n\n<p><\/p>\n","protected":false},"excerpt":{"rendered":"<p>El sistema de revestimiento interior Greenlam ofrece una soluci\u00f3n revolucionaria para paneles de superficie interiores que est\u00e1n dise\u00f1ados para resistir condiciones duras con el m\u00ednimo mantenimiento posible. Su uso est\u00e1 absolutamente recomendado en \u00e1reas como centros sanitarios, centros comerciales, aeropuertos, instituciones educativas y comerciales, estaciones de metro y ferroviarias, y hosteler\u00eda; el secreto reside en [&hellip;]<\/p>\n","protected":false},"author":1,"featured_media":0,"parent":0,"menu_order":0,"comment_status":"closed","ping_status":"closed","template":"","meta":{"footnotes":""},"class_list":["post-4146","page","type-page","status-publish","hentry"],"yoast_head":"<!-- This site is optimized with the Yoast SEO plugin v23.5 - https:\/\/yoast.com\/wordpress\/plugins\/seo\/ -->\n<title>Best Interior Wall Cladding | Designs and Materials | Greenlam Clads<\/title>\n<meta name=\"description\" content=\"Greenlam Clads - Offering variety of interior cladding, interior wall cladding materials, and wall cladding laminates across India. Decorate the interiors of your office, mall, hospital etc with the best wall cladding design and laminates offered by Greenlam.\" \/>\n<meta name=\"robots\" content=\"index, follow, max-snippet:-1, max-image-preview:large, max-video-preview:-1\" \/>\n<meta property=\"og:locale\" content=\"en_US\" \/>\n<meta property=\"og:type\" content=\"article\" \/>\n<meta property=\"og:title\" content=\"Best Interior Wall Cladding | Designs and Materials | Greenlam Clads\" \/>\n<meta property=\"og:description\" content=\"Greenlam Clads - Offering variety of interior cladding, interior wall cladding materials, and wall cladding laminates across India. Decorate the interiors of your office, mall, hospital etc with the best wall cladding design and laminates offered by Greenlam.\" \/>\n<meta property=\"og:url\" content=\"https:\/\/greenlamclads.com\/spanish\/interior-clads\/\" \/>\n<meta property=\"og:site_name\" content=\"Spanish\" \/>\n<meta property=\"article:modified_time\" content=\"2023-04-05T09:39:10+00:00\" \/>\n<meta property=\"og:image\" content=\"https:\/\/greenlamclads.com\/spanish\/wp-content\/uploads\/sites\/9\/2022\/04\/10_Years_Warranty.png\" \/>\n<meta name=\"twitter:card\" content=\"summary_large_image\" \/>\n<meta name=\"twitter:label1\" content=\"Est. reading time\" \/>\n\t<meta name=\"twitter:data1\" content=\"3 minutes\" \/>\n<script type=\"application\/ld+json\" class=\"yoast-schema-graph\">{\"@context\":\"https:\/\/schema.org\",\"@graph\":[{\"@type\":\"WebPage\",\"@id\":\"https:\/\/greenlamclads.com\/spanish\/interior-clads\/\",\"url\":\"https:\/\/greenlamclads.com\/spanish\/interior-clads\/\",\"name\":\"Best Interior Wall Cladding | Designs and Materials | Greenlam Clads\",\"isPartOf\":{\"@id\":\"https:\/\/greenlamclads.com\/spanish\/#website\"},\"primaryImageOfPage\":{\"@id\":\"https:\/\/greenlamclads.com\/spanish\/interior-clads\/#primaryimage\"},\"image\":{\"@id\":\"https:\/\/greenlamclads.com\/spanish\/interior-clads\/#primaryimage\"},\"thumbnailUrl\":\"https:\/\/greenlamclads.com\/spanish\/wp-content\/uploads\/sites\/9\/2022\/04\/10_Years_Warranty.png\",\"datePublished\":\"2021-12-27T13:39:27+00:00\",\"dateModified\":\"2023-04-05T09:39:10+00:00\",\"description\":\"Greenlam Clads - Offering variety of interior cladding, interior wall cladding materials, and wall cladding laminates across India. Decorate the interiors of your office, mall, hospital etc with the best wall cladding design and laminates offered by Greenlam.\",\"breadcrumb\":{\"@id\":\"https:\/\/greenlamclads.com\/spanish\/interior-clads\/#breadcrumb\"},\"inLanguage\":\"en-US\",\"potentialAction\":[{\"@type\":\"ReadAction\",\"target\":[\"https:\/\/greenlamclads.com\/spanish\/interior-clads\/\"]}]},{\"@type\":\"ImageObject\",\"inLanguage\":\"en-US\",\"@id\":\"https:\/\/greenlamclads.com\/spanish\/interior-clads\/#primaryimage\",\"url\":\"https:\/\/greenlamclads.com\/spanish\/wp-content\/uploads\/sites\/9\/2022\/04\/10_Years_Warranty.png\",\"contentUrl\":\"https:\/\/greenlamclads.com\/spanish\/wp-content\/uploads\/sites\/9\/2022\/04\/10_Years_Warranty.png\",\"width\":46,\"height\":46},{\"@type\":\"BreadcrumbList\",\"@id\":\"https:\/\/greenlamclads.com\/spanish\/interior-clads\/#breadcrumb\",\"itemListElement\":[{\"@type\":\"ListItem\",\"position\":1,\"name\":\"Home\",\"item\":\"https:\/\/greenlamclads.com\/spanish\/\"},{\"@type\":\"ListItem\",\"position\":2,\"name\":\"Revestimientos interiores\"}]},{\"@type\":\"WebSite\",\"@id\":\"https:\/\/greenlamclads.com\/spanish\/#website\",\"url\":\"https:\/\/greenlamclads.com\/spanish\/\",\"name\":\"Spanish\",\"description\":\"\",\"publisher\":{\"@id\":\"https:\/\/greenlamclads.com\/spanish\/#organization\"},\"potentialAction\":[{\"@type\":\"SearchAction\",\"target\":{\"@type\":\"EntryPoint\",\"urlTemplate\":\"https:\/\/greenlamclads.com\/spanish\/?s={search_term_string}\"},\"query-input\":{\"@type\":\"PropertyValueSpecification\",\"valueRequired\":true,\"valueName\":\"search_term_string\"}}],\"inLanguage\":\"en-US\"},{\"@type\":\"Organization\",\"@id\":\"https:\/\/greenlamclads.com\/spanish\/#organization\",\"name\":\"Spanish\",\"url\":\"https:\/\/greenlamclads.com\/spanish\/\",\"logo\":{\"@type\":\"ImageObject\",\"inLanguage\":\"en-US\",\"@id\":\"https:\/\/greenlamclads.com\/spanish\/#\/schema\/logo\/image\/\",\"url\":\"https:\/\/greenlamclads.com\/spanish\/wp-content\/uploads\/sites\/9\/2021\/08\/greenlam-logo.png\",\"contentUrl\":\"https:\/\/greenlamclads.com\/spanish\/wp-content\/uploads\/sites\/9\/2021\/08\/greenlam-logo.png\",\"width\":250,\"height\":100,\"caption\":\"Spanish\"},\"image\":{\"@id\":\"https:\/\/greenlamclads.com\/spanish\/#\/schema\/logo\/image\/\"}}]}<\/script>\n<!-- \/ Yoast SEO plugin. -->","yoast_head_json":{"title":"Best Interior Wall Cladding | Designs and Materials | Greenlam Clads","description":"Greenlam Clads - Offering variety of interior cladding, interior wall cladding materials, and wall cladding laminates across India. Decorate the interiors of your office, mall, hospital etc with the best wall cladding design and laminates offered by Greenlam.","robots":{"index":"index","follow":"follow","max-snippet":"max-snippet:-1","max-image-preview":"max-image-preview:large","max-video-preview":"max-video-preview:-1"},"og_locale":"en_US","og_type":"article","og_title":"Best Interior Wall Cladding | Designs and Materials | Greenlam Clads","og_description":"Greenlam Clads - Offering variety of interior cladding, interior wall cladding materials, and wall cladding laminates across India. Decorate the interiors of your office, mall, hospital etc with the best wall cladding design and laminates offered by Greenlam.","og_url":"https:\/\/greenlamclads.com\/spanish\/interior-clads\/","og_site_name":"Spanish","article_modified_time":"2023-04-05T09:39:10+00:00","og_image":[{"url":"https:\/\/greenlamclads.com\/spanish\/wp-content\/uploads\/sites\/9\/2022\/04\/10_Years_Warranty.png"}],"twitter_card":"summary_large_image","twitter_misc":{"Est. reading time":"3 minutes"},"schema":{"@context":"https:\/\/schema.org","@graph":[{"@type":"WebPage","@id":"https:\/\/greenlamclads.com\/spanish\/interior-clads\/","url":"https:\/\/greenlamclads.com\/spanish\/interior-clads\/","name":"Best Interior Wall Cladding | Designs and Materials | Greenlam Clads","isPartOf":{"@id":"https:\/\/greenlamclads.com\/spanish\/#website"},"primaryImageOfPage":{"@id":"https:\/\/greenlamclads.com\/spanish\/interior-clads\/#primaryimage"},"image":{"@id":"https:\/\/greenlamclads.com\/spanish\/interior-clads\/#primaryimage"},"thumbnailUrl":"https:\/\/greenlamclads.com\/spanish\/wp-content\/uploads\/sites\/9\/2022\/04\/10_Years_Warranty.png","datePublished":"2021-12-27T13:39:27+00:00","dateModified":"2023-04-05T09:39:10+00:00","description":"Greenlam Clads - Offering variety of interior cladding, interior wall cladding materials, and wall cladding laminates across India. Decorate the interiors of your office, mall, hospital etc with the best wall cladding design and laminates offered by Greenlam.","breadcrumb":{"@id":"https:\/\/greenlamclads.com\/spanish\/interior-clads\/#breadcrumb"},"inLanguage":"en-US","potentialAction":[{"@type":"ReadAction","target":["https:\/\/greenlamclads.com\/spanish\/interior-clads\/"]}]},{"@type":"ImageObject","inLanguage":"en-US","@id":"https:\/\/greenlamclads.com\/spanish\/interior-clads\/#primaryimage","url":"https:\/\/greenlamclads.com\/spanish\/wp-content\/uploads\/sites\/9\/2022\/04\/10_Years_Warranty.png","contentUrl":"https:\/\/greenlamclads.com\/spanish\/wp-content\/uploads\/sites\/9\/2022\/04\/10_Years_Warranty.png","width":46,"height":46},{"@type":"BreadcrumbList","@id":"https:\/\/greenlamclads.com\/spanish\/interior-clads\/#breadcrumb","itemListElement":[{"@type":"ListItem","position":1,"name":"Home","item":"https:\/\/greenlamclads.com\/spanish\/"},{"@type":"ListItem","position":2,"name":"Revestimientos interiores"}]},{"@type":"WebSite","@id":"https:\/\/greenlamclads.com\/spanish\/#website","url":"https:\/\/greenlamclads.com\/spanish\/","name":"Spanish","description":"","publisher":{"@id":"https:\/\/greenlamclads.com\/spanish\/#organization"},"potentialAction":[{"@type":"SearchAction","target":{"@type":"EntryPoint","urlTemplate":"https:\/\/greenlamclads.com\/spanish\/?s={search_term_string}"},"query-input":{"@type":"PropertyValueSpecification","valueRequired":true,"valueName":"search_term_string"}}],"inLanguage":"en-US"},{"@type":"Organization","@id":"https:\/\/greenlamclads.com\/spanish\/#organization","name":"Spanish","url":"https:\/\/greenlamclads.com\/spanish\/","logo":{"@type":"ImageObject","inLanguage":"en-US","@id":"https:\/\/greenlamclads.com\/spanish\/#\/schema\/logo\/image\/","url":"https:\/\/greenlamclads.com\/spanish\/wp-content\/uploads\/sites\/9\/2021\/08\/greenlam-logo.png","contentUrl":"https:\/\/greenlamclads.com\/spanish\/wp-content\/uploads\/sites\/9\/2021\/08\/greenlam-logo.png","width":250,"height":100,"caption":"Spanish"},"image":{"@id":"https:\/\/greenlamclads.com\/spanish\/#\/schema\/logo\/image\/"}}]}},"_links":{"self":[{"href":"https:\/\/greenlamclads.com\/spanish\/wp-json\/wp\/v2\/pages\/4146"}],"collection":[{"href":"https:\/\/greenlamclads.com\/spanish\/wp-json\/wp\/v2\/pages"}],"about":[{"href":"https:\/\/greenlamclads.com\/spanish\/wp-json\/wp\/v2\/types\/page"}],"author":[{"embeddable":true,"href":"https:\/\/greenlamclads.com\/spanish\/wp-json\/wp\/v2\/users\/1"}],"replies":[{"embeddable":true,"href":"https:\/\/greenlamclads.com\/spanish\/wp-json\/wp\/v2\/comments?post=4146"}],"version-history":[{"count":10,"href":"https:\/\/greenlamclads.com\/spanish\/wp-json\/wp\/v2\/pages\/4146\/revisions"}],"predecessor-version":[{"id":5071,"href":"https:\/\/greenlamclads.com\/spanish\/wp-json\/wp\/v2\/pages\/4146\/revisions\/5071"}],"wp:attachment":[{"href":"https:\/\/greenlamclads.com\/spanish\/wp-json\/wp\/v2\/media?parent=4146"}],"curies":[{"name":"wp","href":"https:\/\/api.w.org\/{rel}","templated":true}]}}