{"id":1205,"date":"2021-08-19T13:18:15","date_gmt":"2021-08-19T07:48:15","guid":{"rendered":"https:\/\/staging.greenlamclads.com\/spanish\/?page_id=1205"},"modified":"2022-05-12T12:13:59","modified_gmt":"2022-05-12T06:43:59","slug":"sitemap","status":"publish","type":"page","link":"https:\/\/greenlamclads.com\/spanish\/sitemap\/","title":{"rendered":"mapa del sitio"},"content":{"rendered":"\n<div class=\"wp-block-columns sitemap-wrapper is-layout-flex wp-container-core-columns-is-layout-1 wp-block-columns-is-layout-flex\">\n<div class=\"wp-block-column sitemap-inner-container is-layout-flow wp-block-column-is-layout-flow\">\n<div class=\"container\">\n    <div class=\"row\">\n        <div class=\"col-lg-4 col-md-6 col-12 site-map\">\n            <ul>\n                <li>\n                    <a href=\"https:\/\/greenlamclads.com\/spanish\/\">Casa<\/a>\n                <\/li>\n                <li>\n                    <a href=\"https:\/\/greenlamclads.com\/spanish\/about-us\/\">Sobre nosotras<\/a>\n                <\/li>\n                <li>\n                    <a href=\"https:\/\/greenlamclads.com\/spanish\/get-inspired\/\">Inspiraci\u00f3n<\/a>\n                <\/li>\n                <li>\n                    <a href=\"https:\/\/greenlamclads.com\/spanish\/sustainability\/\">Sostenibilidad<\/a>\n                <\/li>\n            <\/ul>\n        <\/div>\n        <div class=\"col-lg-4 col-md-6 col-12 site-map\">\n            <ul>\n                <li>\n                    <a href=\"https:\/\/greenlamclads.com\/spanish\/exterior-clads\/\">Revestimientos exteriores<\/a>\n                <\/li>\n                <li>\n                    <a href=\"https:\/\/greenlamclads.com\/spanish\/collections\/exterior\/\">Colecci\u00f3n Exteriores<\/a>\n                <\/li>\n                <li>\n                    <a href=\"https:\/\/greenlamclads.com\/spanish\/interior-clads\/\">Revestimientos interiores<\/a>\n                <\/li>\n                <li>\n                    <a href=\"https:\/\/greenlamclads.com\/spanish\/collections\/interior\/\">Colecci\u00f3n Interiores<\/a>\n                <\/li>\n                        <li><a href=\"https:\/\/greenlamclads.com\/visualizer\/\" target=\"_blank\" rel=\"noopener\">visualizador<\/a><\/li>\n                   \n            <\/ul>\n        <\/div>\n        <div class=\"col-lg-4 col-md-6 col-12 site-map\">\n            <ul>\n                <li>\n                    \n                            <a href=\"https:\/\/greenlamclads.com\/spanish\/media\/\">Medios de comunicaci\u00f3n<\/a>\n                        <\/li>\n                        <li>\n                            <a href=\"https:\/\/greenlamclads.com\/spanish\/resources\/\">Recursos<\/a>\n                        <\/li>\n                     <li>\n                    <a href=\"https:\/\/greenlamclads.com\/spanish\/contact-us\/\">Contacta con nosotras<\/a>\n                <\/li>\n                <li>\n                    <a href=\"https:\/\/greenlamclads.com\/spanish\/terms-conditions\/\">T\u00e9rminos y condiciones<\/a>\n                <\/li>\n                <li>\n                    <a href=\"https:\/\/greenlamclads.com\/spanish\/privacy-policy\/\">Pol\u00edtica de privacidad<\/a>\n                <\/li>\n\n            <\/ul>\n        <\/div>\n    <\/div>\n<\/div>\n<\/div>\n<\/div>\n","protected":false},"excerpt":{"rendered":"<p>Casa Sobre nosotras Inspiraci\u00f3n Sostenibilidad Revestimientos exteriores Colecci\u00f3n Exteriores Revestimientos interiores Colecci\u00f3n Interiores visualizador Medios de comunicaci\u00f3n Recursos Contacta con nosotras T\u00e9rminos y condiciones Pol\u00edtica de privacidad<\/p>\n","protected":false},"author":1,"featured_media":0,"parent":0,"menu_order":0,"comment_status":"closed","ping_status":"closed","template":"","meta":{"footnotes":""},"class_list":["post-1205","page","type-page","status-publish","hentry"],"yoast_head":"<!-- This site is optimized with the Yoast SEO plugin v23.5 - https:\/\/yoast.com\/wordpress\/plugins\/seo\/ -->\n<title>Sitemap | Greenlam Clads<\/title>\n<meta name=\"robots\" content=\"index, follow, max-snippet:-1, max-image-preview:large, max-video-preview:-1\" \/>\n<meta property=\"og:locale\" content=\"en_US\" \/>\n<meta property=\"og:type\" content=\"article\" \/>\n<meta property=\"og:title\" content=\"Sitemap | Greenlam Clads\" \/>\n<meta property=\"og:description\" content=\"Casa Sobre nosotras Inspiraci\u00f3n Sostenibilidad Revestimientos exteriores Colecci\u00f3n Exteriores Revestimientos interiores Colecci\u00f3n Interiores visualizador Medios de comunicaci\u00f3n Recursos Contacta con nosotras T\u00e9rminos y condiciones Pol\u00edtica de privacidad\" \/>\n<meta property=\"og:url\" content=\"https:\/\/greenlamclads.com\/spanish\/sitemap\/\" \/>\n<meta property=\"og:site_name\" content=\"Spanish\" \/>\n<meta property=\"article:modified_time\" content=\"2022-05-12T06:43:59+00:00\" \/>\n<meta name=\"twitter:card\" content=\"summary_large_image\" \/>\n<meta name=\"twitter:label1\" content=\"Est. reading time\" \/>\n\t<meta name=\"twitter:data1\" content=\"1 minute\" \/>\n<script type=\"application\/ld+json\" class=\"yoast-schema-graph\">{\"@context\":\"https:\/\/schema.org\",\"@graph\":[{\"@type\":\"WebPage\",\"@id\":\"https:\/\/greenlamclads.com\/spanish\/sitemap\/\",\"url\":\"https:\/\/greenlamclads.com\/spanish\/sitemap\/\",\"name\":\"Sitemap | Greenlam Clads\",\"isPartOf\":{\"@id\":\"https:\/\/greenlamclads.com\/spanish\/#website\"},\"datePublished\":\"2021-08-19T07:48:15+00:00\",\"dateModified\":\"2022-05-12T06:43:59+00:00\",\"breadcrumb\":{\"@id\":\"https:\/\/greenlamclads.com\/spanish\/sitemap\/#breadcrumb\"},\"inLanguage\":\"en-US\",\"potentialAction\":[{\"@type\":\"ReadAction\",\"target\":[\"https:\/\/greenlamclads.com\/spanish\/sitemap\/\"]}]},{\"@type\":\"BreadcrumbList\",\"@id\":\"https:\/\/greenlamclads.com\/spanish\/sitemap\/#breadcrumb\",\"itemListElement\":[{\"@type\":\"ListItem\",\"position\":1,\"name\":\"Home\",\"item\":\"https:\/\/greenlamclads.com\/spanish\/\"},{\"@type\":\"ListItem\",\"position\":2,\"name\":\"mapa del sitio\"}]},{\"@type\":\"WebSite\",\"@id\":\"https:\/\/greenlamclads.com\/spanish\/#website\",\"url\":\"https:\/\/greenlamclads.com\/spanish\/\",\"name\":\"Spanish\",\"description\":\"\",\"publisher\":{\"@id\":\"https:\/\/greenlamclads.com\/spanish\/#organization\"},\"potentialAction\":[{\"@type\":\"SearchAction\",\"target\":{\"@type\":\"EntryPoint\",\"urlTemplate\":\"https:\/\/greenlamclads.com\/spanish\/?s={search_term_string}\"},\"query-input\":{\"@type\":\"PropertyValueSpecification\",\"valueRequired\":true,\"valueName\":\"search_term_string\"}}],\"inLanguage\":\"en-US\"},{\"@type\":\"Organization\",\"@id\":\"https:\/\/greenlamclads.com\/spanish\/#organization\",\"name\":\"Spanish\",\"url\":\"https:\/\/greenlamclads.com\/spanish\/\",\"logo\":{\"@type\":\"ImageObject\",\"inLanguage\":\"en-US\",\"@id\":\"https:\/\/greenlamclads.com\/spanish\/#\/schema\/logo\/image\/\",\"url\":\"https:\/\/greenlamclads.com\/spanish\/wp-content\/uploads\/sites\/9\/2021\/08\/greenlam-logo.png\",\"contentUrl\":\"https:\/\/greenlamclads.com\/spanish\/wp-content\/uploads\/sites\/9\/2021\/08\/greenlam-logo.png\",\"width\":250,\"height\":100,\"caption\":\"Spanish\"},\"image\":{\"@id\":\"https:\/\/greenlamclads.com\/spanish\/#\/schema\/logo\/image\/\"}}]}<\/script>\n<!-- \/ Yoast SEO plugin. -->","yoast_head_json":{"title":"Sitemap | Greenlam Clads","robots":{"index":"index","follow":"follow","max-snippet":"max-snippet:-1","max-image-preview":"max-image-preview:large","max-video-preview":"max-video-preview:-1"},"og_locale":"en_US","og_type":"article","og_title":"Sitemap | Greenlam Clads","og_description":"Casa Sobre nosotras Inspiraci\u00f3n Sostenibilidad Revestimientos exteriores Colecci\u00f3n Exteriores Revestimientos interiores Colecci\u00f3n Interiores visualizador Medios de comunicaci\u00f3n Recursos Contacta con nosotras T\u00e9rminos y condiciones Pol\u00edtica de privacidad","og_url":"https:\/\/greenlamclads.com\/spanish\/sitemap\/","og_site_name":"Spanish","article_modified_time":"2022-05-12T06:43:59+00:00","twitter_card":"summary_large_image","twitter_misc":{"Est. reading time":"1 minute"},"schema":{"@context":"https:\/\/schema.org","@graph":[{"@type":"WebPage","@id":"https:\/\/greenlamclads.com\/spanish\/sitemap\/","url":"https:\/\/greenlamclads.com\/spanish\/sitemap\/","name":"Sitemap | Greenlam Clads","isPartOf":{"@id":"https:\/\/greenlamclads.com\/spanish\/#website"},"datePublished":"2021-08-19T07:48:15+00:00","dateModified":"2022-05-12T06:43:59+00:00","breadcrumb":{"@id":"https:\/\/greenlamclads.com\/spanish\/sitemap\/#breadcrumb"},"inLanguage":"en-US","potentialAction":[{"@type":"ReadAction","target":["https:\/\/greenlamclads.com\/spanish\/sitemap\/"]}]},{"@type":"BreadcrumbList","@id":"https:\/\/greenlamclads.com\/spanish\/sitemap\/#breadcrumb","itemListElement":[{"@type":"ListItem","position":1,"name":"Home","item":"https:\/\/greenlamclads.com\/spanish\/"},{"@type":"ListItem","position":2,"name":"mapa del sitio"}]},{"@type":"WebSite","@id":"https:\/\/greenlamclads.com\/spanish\/#website","url":"https:\/\/greenlamclads.com\/spanish\/","name":"Spanish","description":"","publisher":{"@id":"https:\/\/greenlamclads.com\/spanish\/#organization"},"potentialAction":[{"@type":"SearchAction","target":{"@type":"EntryPoint","urlTemplate":"https:\/\/greenlamclads.com\/spanish\/?s={search_term_string}"},"query-input":{"@type":"PropertyValueSpecification","valueRequired":true,"valueName":"search_term_string"}}],"inLanguage":"en-US"},{"@type":"Organization","@id":"https:\/\/greenlamclads.com\/spanish\/#organization","name":"Spanish","url":"https:\/\/greenlamclads.com\/spanish\/","logo":{"@type":"ImageObject","inLanguage":"en-US","@id":"https:\/\/greenlamclads.com\/spanish\/#\/schema\/logo\/image\/","url":"https:\/\/greenlamclads.com\/spanish\/wp-content\/uploads\/sites\/9\/2021\/08\/greenlam-logo.png","contentUrl":"https:\/\/greenlamclads.com\/spanish\/wp-content\/uploads\/sites\/9\/2021\/08\/greenlam-logo.png","width":250,"height":100,"caption":"Spanish"},"image":{"@id":"https:\/\/greenlamclads.com\/spanish\/#\/schema\/logo\/image\/"}}]}},"_links":{"self":[{"href":"https:\/\/greenlamclads.com\/spanish\/wp-json\/wp\/v2\/pages\/1205"}],"collection":[{"href":"https:\/\/greenlamclads.com\/spanish\/wp-json\/wp\/v2\/pages"}],"about":[{"href":"https:\/\/greenlamclads.com\/spanish\/wp-json\/wp\/v2\/types\/page"}],"author":[{"embeddable":true,"href":"https:\/\/greenlamclads.com\/spanish\/wp-json\/wp\/v2\/users\/1"}],"replies":[{"embeddable":true,"href":"https:\/\/greenlamclads.com\/spanish\/wp-json\/wp\/v2\/comments?post=1205"}],"version-history":[{"count":10,"href":"https:\/\/greenlamclads.com\/spanish\/wp-json\/wp\/v2\/pages\/1205\/revisions"}],"predecessor-version":[{"id":5019,"href":"https:\/\/greenlamclads.com\/spanish\/wp-json\/wp\/v2\/pages\/1205\/revisions\/5019"}],"wp:attachment":[{"href":"https:\/\/greenlamclads.com\/spanish\/wp-json\/wp\/v2\/media?parent=1205"}],"curies":[{"name":"wp","href":"https:\/\/api.w.org\/{rel}","templated":true}]}}