{"id":4146,"date":"2021-12-27T19:09:27","date_gmt":"2021-12-27T13:39:27","guid":{"rendered":"https:\/\/staging.greenlamclads.com\/polish\/?page_id=4146"},"modified":"2022-04-13T16:16:42","modified_gmt":"2022-04-13T10:46:42","slug":"interior-clads","status":"publish","type":"page","link":"https:\/\/greenlamclads.com\/polish\/interior-clads\/","title":{"rendered":"Ok\u0142adziny wewn\u0119trzne"},"content":{"rendered":"\n<div class=\"wp-block-columns media-section is-layout-flex wp-container-core-columns-is-layout-1 wp-block-columns-is-layout-flex\">\n<div class=\"wp-block-column container is-layout-flow wp-block-column-is-layout-flow\">\r\n\t<div class=\"heading-wrapper pl-0\">\r\n\t\t<h2 class=\"component-heading\"> Ok\u0142adziny wewn\u0119trzne <\/h2>\r\n\r\n\t\t\t\t\t<h3 class=\"component-sub-heading\">Estetyczna ochrona twojej \u015bciany <\/h3>\r\n\t\t\t<\/div>\r\n\n\n\n<div class=\"wp-block-group row\"><div class=\"wp-block-group__inner-container is-layout-flow wp-block-group-is-layout-flow\">\n<div class=\"wp-block-group offset-xl-1 col-xl-11 col-12\"><div class=\"wp-block-group__inner-container is-layout-flow wp-block-group-is-layout-flow\">\n<div class=\"wp-block-group media-content clads-info\"><div class=\"wp-block-group__inner-container is-layout-flow wp-block-group-is-layout-flow\">\n<div class=\"wp-block-group read-content\"><div class=\"wp-block-group__inner-container is-layout-flow wp-block-group-is-layout-flow\">\n<p class=\"para\" id=\"greenlam-interior\">System ok\u0142adzin wewn\u0119trznych Greenlam oferuje rewolucyjne rozwi\u0105zania ok\u0142adzinowe do wewn\u0119trznych paneli powierzchniowych, kt\u00f3re s\u0105 zaprojektowane tak, aby wytrzyma\u0107 trudne warunki przy jak najmniejszej konserwacji. Idealnie nadaje si\u0119 do zastosowa\u0144 takich jak opieka zdrowotna, centra handlowe, lotniska, instytucje edukacyjne, powierzchnie handlowe, stacje metra, dworce kolejowe i przemys\u0142 hotelarski &#8211; a sekret tkwi w niezr\u00f3wnanej technologii.<\/p>\n<p class=\"para\">Wykonane z litych, wysokoci\u015bnieniowych laminat\u00f3w kompaktowych panele Clads Internal Wall Cladding s\u0105 prawdziwym przyk\u0142adem odwa\u017cnego i pi\u0119knego. Ich urzekaj\u0105ca estetyka, liczne warianty kolorystyczne, rytmy i g\u0142\u0119bia sprawiaj\u0105, \u017ce te laminaty podbijaj\u0105 ka\u017cde serce. Od \u0142atwo\u015bci instalacji po \u0142atw\u0105 konserwacj\u0119 &#8211; nasze ok\u0142adziny wewn\u0119trzne s\u0105 zaplanowane na czas nieokre\u015blony, co wida\u0107 w naszej 10-letniej gwarancji, aby nasze systemy by\u0142y zwyci\u0119zc\u0105 w ka\u017cdym mo\u017cliwym wyzwaniu. <\/p>\n<p class=\"para\">Zosta\u0142y zaprojektowane tak, aby by\u0142y odporne na blakni\u0119cie, \u015bcieranie, warunki atmosferyczne i ognioodporno\u015b\u0107 o wysokiej wytrzyma\u0142o\u015bci na uderzenia. Wraz z tym maj\u0105 gwarancj\u0119, \u017ce s\u0105 antywirusowe, antybakteryjne i antygrzybiczne, aby zapewni\u0107 bezpiecze\u0144stwo ze wszystkich czterech stron.<\/p>\n<ul class=\"product-feature-list list-unstyled d-flex flex-wrap mt-5\">\n  <li class=\"col-xl-4 col-lg-4 col-md-4 col-6 col-xl-3 col-lg-3 col-md-3 col-6\">\n    <div class=\"img\">\n      <img decoding=\"async\" src=\"https:\/\/greenlamclads.com\/polish\/wp-content\/uploads\/sites\/6\/2021\/12\/10_Years_Warranty.png\" class=\"img-fluid\" alt=\"\">\n    <\/div>\n    <div class=\"text\"> 10 Rok <br> Gwarancja <\/div>\n  <\/li>\n  <li class=\"col-xl-4 col-lg-4 col-md-4 col-6 col-xl-3 col-lg-3 col-md-3 col-6\">\n    <div class=\"img\">\n      <img decoding=\"async\" src=\"https:\/\/greenlamclads.com\/polish\/wp-content\/uploads\/sites\/6\/2021\/12\/Water-Resistant.png\" class=\"img-fluid\" alt=\"\">\n    <\/div>\n    <div class=\"text\"> Wodoodporny <\/div>\n  <\/li>\n  <li class=\"col-xl-4 col-lg-4 col-md-4 col-6 col-xl-3 col-lg-3 col-md-3 col-6\">\n    <div class=\"img\">\n      <img decoding=\"async\" src=\"https:\/\/greenlamclads.com\/polish\/wp-content\/uploads\/sites\/6\/2021\/12\/Scratch_Resistant.png\" class=\"img-fluid\" alt=\"\">\n    <\/div>\n    <div class=\"text\"> Zadra\u015bni\u0119cie <br> Odporny <\/div>\n  <\/li>\n  <li class=\"col-xl-4 col-lg-4 col-md-4 col-6 col-xl-3 col-lg-3 col-md-3 col-6\">\n    <div class=\"img\">\n      <img decoding=\"async\" src=\"https:\/\/greenlamclads.com\/polish\/wp-content\/uploads\/sites\/6\/2021\/12\/Impact_Resistant.png\" class=\"img-fluid\" alt=\"\">\n    <\/div>\n    <div class=\"text\"> Uderzenie <br> Odporny <\/div>\n  <\/li>\n  <li class=\"col-xl-4 col-lg-4 col-md-4 col-6 col-xl-3 col-lg-3 col-md-3 col-6\">\n    <div class=\"img\">\n      <img decoding=\"async\" src=\"https:\/\/greenlamclads.com\/polish\/wp-content\/uploads\/sites\/6\/2021\/12\/Easy_Installation.png\" class=\"img-fluid\" alt=\"\">\n    <\/div>\n    <div class=\"text\"> \u0141atwa <br> instalacja <\/div>\n  <\/li>\n  <li class=\"col-xl-4 col-lg-4 col-md-4 col-6 col-xl-3 col-lg-3 col-md-3 col-6\">\n    <div class=\"img\">\n      <img decoding=\"async\" src=\"https:\/\/greenlamclads.com\/polish\/wp-content\/uploads\/sites\/6\/2021\/12\/Easy_to_Clean.png\" class=\"img-fluid\" alt=\"\">\n    <\/div>\n    <div class=\"text\"> \u0141atwe do czyszczenia \/ niskie <br> koszty utrzymania <\/div>\n  <\/li>\n  <li class=\"col-xl-4 col-lg-4 col-md-4 col-6 col-xl-3 col-lg-3 col-md-3 col-6\">\n    <div class=\"img\">\n      <img decoding=\"async\" src=\"https:\/\/greenlamclads.com\/polish\/wp-content\/uploads\/sites\/6\/2021\/12\/Anti-Virus.png\" class=\"img-fluid\" alt=\"\">\n    <\/div>\n    <div class=\"text\">Anty <br> wirus <\/div>\n  <\/li>\n  <li class=\"col-xl-4 col-lg-4 col-md-4 col-6 col-xl-3 col-lg-3 col-md-3 col-6\">\n    <div class=\"img\">\n      <img decoding=\"async\" src=\"https:\/\/greenlamclads.com\/polish\/wp-content\/uploads\/sites\/6\/2021\/12\/Solvent_Resistant.png\" class=\"img-fluid\" alt=\"\">\n    <\/div>\n    <div class=\"text\"> Odporny na <br> rozpuszczalniki <\/div>\n  <\/li>\n  <li class=\"col-xl-4 col-lg-4 col-md-4 col-6 col-xl-3 col-lg-3 col-md-3 col-6\">\n    <div class=\"img\">\n      <img decoding=\"async\" src=\"https:\/\/greenlamclads.com\/polish\/wp-content\/uploads\/sites\/6\/2021\/12\/Abrasion_Resistant.png\" class=\"img-fluid\" alt=\"\">\n    <\/div>\n    <div class=\"text\"> Odporny na <br> \u015bcieranie <\/div>\n  <\/li>\n<\/ul>\n<\/div><\/div>\n<\/div><\/div>\n<\/div><\/div>\n<\/div><\/div>\n<\/div>\n<\/div>\n\n\n\n<p><\/p>\n","protected":false},"excerpt":{"rendered":"<p>System ok\u0142adzin wewn\u0119trznych Greenlam oferuje rewolucyjne rozwi\u0105zania ok\u0142adzinowe do wewn\u0119trznych paneli powierzchniowych, kt\u00f3re s\u0105 zaprojektowane tak, aby wytrzyma\u0107 trudne warunki przy jak najmniejszej konserwacji. Idealnie nadaje si\u0119 do zastosowa\u0144 takich jak opieka zdrowotna, centra handlowe, lotniska, instytucje edukacyjne, powierzchnie handlowe, stacje metra, dworce kolejowe i przemys\u0142 hotelarski &#8211; a sekret tkwi w niezr\u00f3wnanej technologii. Wykonane [&hellip;]<\/p>\n","protected":false},"author":1,"featured_media":0,"parent":0,"menu_order":0,"comment_status":"closed","ping_status":"closed","template":"","meta":{"footnotes":""},"class_list":["post-4146","page","type-page","status-publish","hentry"],"yoast_head":"<!-- This site is optimized with the Yoast SEO plugin v23.5 - https:\/\/yoast.com\/wordpress\/plugins\/seo\/ -->\n<title>Best Interior Wall Cladding | Designs and Materials | Greenlam Clads<\/title>\n<meta name=\"description\" content=\"Greenlam Clads - Offering variety of interior cladding, interior wall cladding materials, and wall cladding laminates across India. Decorate the interiors of your office, mall, hospital etc with the best wall cladding design and laminates offered by Greenlam.\" \/>\n<meta name=\"robots\" content=\"noindex, follow, max-snippet:-1, max-image-preview:large, max-video-preview:-1\" \/>\n<meta property=\"og:locale\" content=\"en_US\" \/>\n<meta property=\"og:type\" content=\"article\" \/>\n<meta property=\"og:title\" content=\"Best Interior Wall Cladding | Designs and Materials | Greenlam Clads\" \/>\n<meta property=\"og:description\" content=\"Greenlam Clads - Offering variety of interior cladding, interior wall cladding materials, and wall cladding laminates across India. Decorate the interiors of your office, mall, hospital etc with the best wall cladding design and laminates offered by Greenlam.\" \/>\n<meta property=\"og:url\" content=\"https:\/\/greenlamclads.com\/polish\/interior-clads\/\" \/>\n<meta property=\"og:site_name\" content=\"Polish\" \/>\n<meta property=\"article:modified_time\" content=\"2022-04-13T10:46:42+00:00\" \/>\n<meta property=\"og:image\" content=\"https:\/\/greenlamclads.com\/polish\/wp-content\/uploads\/sites\/6\/2021\/12\/10_Years_Warranty.png\" \/>\n<meta name=\"twitter:card\" content=\"summary_large_image\" \/>\n<meta name=\"twitter:label1\" content=\"Est. reading time\" \/>\n\t<meta name=\"twitter:data1\" content=\"3 minutes\" \/>\n<script type=\"application\/ld+json\" class=\"yoast-schema-graph\">{\"@context\":\"https:\/\/schema.org\",\"@graph\":[{\"@type\":\"WebPage\",\"@id\":\"https:\/\/greenlamclads.com\/polish\/interior-clads\/\",\"url\":\"https:\/\/greenlamclads.com\/polish\/interior-clads\/\",\"name\":\"Best Interior Wall Cladding | Designs and Materials | Greenlam Clads\",\"isPartOf\":{\"@id\":\"https:\/\/greenlamclads.com\/polish\/#website\"},\"primaryImageOfPage\":{\"@id\":\"https:\/\/greenlamclads.com\/polish\/interior-clads\/#primaryimage\"},\"image\":{\"@id\":\"https:\/\/greenlamclads.com\/polish\/interior-clads\/#primaryimage\"},\"thumbnailUrl\":\"https:\/\/greenlamclads.com\/polish\/wp-content\/uploads\/sites\/6\/2021\/12\/10_Years_Warranty.png\",\"datePublished\":\"2021-12-27T13:39:27+00:00\",\"dateModified\":\"2022-04-13T10:46:42+00:00\",\"description\":\"Greenlam Clads - Offering variety of interior cladding, interior wall cladding materials, and wall cladding laminates across India. Decorate the interiors of your office, mall, hospital etc with the best wall cladding design and laminates offered by Greenlam.\",\"breadcrumb\":{\"@id\":\"https:\/\/greenlamclads.com\/polish\/interior-clads\/#breadcrumb\"},\"inLanguage\":\"en-US\",\"potentialAction\":[{\"@type\":\"ReadAction\",\"target\":[\"https:\/\/greenlamclads.com\/polish\/interior-clads\/\"]}]},{\"@type\":\"ImageObject\",\"inLanguage\":\"en-US\",\"@id\":\"https:\/\/greenlamclads.com\/polish\/interior-clads\/#primaryimage\",\"url\":\"https:\/\/greenlamclads.com\/polish\/wp-content\/uploads\/sites\/6\/2021\/12\/10_Years_Warranty.png\",\"contentUrl\":\"https:\/\/greenlamclads.com\/polish\/wp-content\/uploads\/sites\/6\/2021\/12\/10_Years_Warranty.png\",\"width\":46,\"height\":46,\"caption\":\"10 Years Warranty\"},{\"@type\":\"BreadcrumbList\",\"@id\":\"https:\/\/greenlamclads.com\/polish\/interior-clads\/#breadcrumb\",\"itemListElement\":[{\"@type\":\"ListItem\",\"position\":1,\"name\":\"Dom\",\"item\":\"https:\/\/greenlamclads.com\/polish\/\"},{\"@type\":\"ListItem\",\"position\":2,\"name\":\"Ok\u0142adziny wewn\u0119trzne\"}]},{\"@type\":\"WebSite\",\"@id\":\"https:\/\/greenlamclads.com\/polish\/#website\",\"url\":\"https:\/\/greenlamclads.com\/polish\/\",\"name\":\"Polish\",\"description\":\"\",\"publisher\":{\"@id\":\"https:\/\/greenlamclads.com\/polish\/#organization\"},\"potentialAction\":[{\"@type\":\"SearchAction\",\"target\":{\"@type\":\"EntryPoint\",\"urlTemplate\":\"https:\/\/greenlamclads.com\/polish\/?s={search_term_string}\"},\"query-input\":{\"@type\":\"PropertyValueSpecification\",\"valueRequired\":true,\"valueName\":\"search_term_string\"}}],\"inLanguage\":\"en-US\"},{\"@type\":\"Organization\",\"@id\":\"https:\/\/greenlamclads.com\/polish\/#organization\",\"name\":\"Polish\",\"url\":\"https:\/\/greenlamclads.com\/polish\/\",\"logo\":{\"@type\":\"ImageObject\",\"inLanguage\":\"en-US\",\"@id\":\"https:\/\/greenlamclads.com\/polish\/#\/schema\/logo\/image\/\",\"url\":\"https:\/\/greenlamclads.com\/polish\/wp-content\/uploads\/sites\/6\/2021\/08\/greenlam-logo.png\",\"contentUrl\":\"https:\/\/greenlamclads.com\/polish\/wp-content\/uploads\/sites\/6\/2021\/08\/greenlam-logo.png\",\"width\":250,\"height\":100,\"caption\":\"Polish\"},\"image\":{\"@id\":\"https:\/\/greenlamclads.com\/polish\/#\/schema\/logo\/image\/\"}}]}<\/script>\n<!-- \/ Yoast SEO plugin. -->","yoast_head_json":{"title":"Best Interior Wall Cladding | Designs and Materials | Greenlam Clads","description":"Greenlam Clads - Offering variety of interior cladding, interior wall cladding materials, and wall cladding laminates across India. Decorate the interiors of your office, mall, hospital etc with the best wall cladding design and laminates offered by Greenlam.","robots":{"index":"noindex","follow":"follow","max-snippet":"max-snippet:-1","max-image-preview":"max-image-preview:large","max-video-preview":"max-video-preview:-1"},"og_locale":"en_US","og_type":"article","og_title":"Best Interior Wall Cladding | Designs and Materials | Greenlam Clads","og_description":"Greenlam Clads - Offering variety of interior cladding, interior wall cladding materials, and wall cladding laminates across India. Decorate the interiors of your office, mall, hospital etc with the best wall cladding design and laminates offered by Greenlam.","og_url":"https:\/\/greenlamclads.com\/polish\/interior-clads\/","og_site_name":"Polish","article_modified_time":"2022-04-13T10:46:42+00:00","og_image":[{"url":"https:\/\/greenlamclads.com\/polish\/wp-content\/uploads\/sites\/6\/2021\/12\/10_Years_Warranty.png"}],"twitter_card":"summary_large_image","twitter_misc":{"Est. reading time":"3 minutes"},"schema":{"@context":"https:\/\/schema.org","@graph":[{"@type":"WebPage","@id":"https:\/\/greenlamclads.com\/polish\/interior-clads\/","url":"https:\/\/greenlamclads.com\/polish\/interior-clads\/","name":"Best Interior Wall Cladding | Designs and Materials | Greenlam Clads","isPartOf":{"@id":"https:\/\/greenlamclads.com\/polish\/#website"},"primaryImageOfPage":{"@id":"https:\/\/greenlamclads.com\/polish\/interior-clads\/#primaryimage"},"image":{"@id":"https:\/\/greenlamclads.com\/polish\/interior-clads\/#primaryimage"},"thumbnailUrl":"https:\/\/greenlamclads.com\/polish\/wp-content\/uploads\/sites\/6\/2021\/12\/10_Years_Warranty.png","datePublished":"2021-12-27T13:39:27+00:00","dateModified":"2022-04-13T10:46:42+00:00","description":"Greenlam Clads - Offering variety of interior cladding, interior wall cladding materials, and wall cladding laminates across India. Decorate the interiors of your office, mall, hospital etc with the best wall cladding design and laminates offered by Greenlam.","breadcrumb":{"@id":"https:\/\/greenlamclads.com\/polish\/interior-clads\/#breadcrumb"},"inLanguage":"en-US","potentialAction":[{"@type":"ReadAction","target":["https:\/\/greenlamclads.com\/polish\/interior-clads\/"]}]},{"@type":"ImageObject","inLanguage":"en-US","@id":"https:\/\/greenlamclads.com\/polish\/interior-clads\/#primaryimage","url":"https:\/\/greenlamclads.com\/polish\/wp-content\/uploads\/sites\/6\/2021\/12\/10_Years_Warranty.png","contentUrl":"https:\/\/greenlamclads.com\/polish\/wp-content\/uploads\/sites\/6\/2021\/12\/10_Years_Warranty.png","width":46,"height":46,"caption":"10 Years Warranty"},{"@type":"BreadcrumbList","@id":"https:\/\/greenlamclads.com\/polish\/interior-clads\/#breadcrumb","itemListElement":[{"@type":"ListItem","position":1,"name":"Dom","item":"https:\/\/greenlamclads.com\/polish\/"},{"@type":"ListItem","position":2,"name":"Ok\u0142adziny wewn\u0119trzne"}]},{"@type":"WebSite","@id":"https:\/\/greenlamclads.com\/polish\/#website","url":"https:\/\/greenlamclads.com\/polish\/","name":"Polish","description":"","publisher":{"@id":"https:\/\/greenlamclads.com\/polish\/#organization"},"potentialAction":[{"@type":"SearchAction","target":{"@type":"EntryPoint","urlTemplate":"https:\/\/greenlamclads.com\/polish\/?s={search_term_string}"},"query-input":{"@type":"PropertyValueSpecification","valueRequired":true,"valueName":"search_term_string"}}],"inLanguage":"en-US"},{"@type":"Organization","@id":"https:\/\/greenlamclads.com\/polish\/#organization","name":"Polish","url":"https:\/\/greenlamclads.com\/polish\/","logo":{"@type":"ImageObject","inLanguage":"en-US","@id":"https:\/\/greenlamclads.com\/polish\/#\/schema\/logo\/image\/","url":"https:\/\/greenlamclads.com\/polish\/wp-content\/uploads\/sites\/6\/2021\/08\/greenlam-logo.png","contentUrl":"https:\/\/greenlamclads.com\/polish\/wp-content\/uploads\/sites\/6\/2021\/08\/greenlam-logo.png","width":250,"height":100,"caption":"Polish"},"image":{"@id":"https:\/\/greenlamclads.com\/polish\/#\/schema\/logo\/image\/"}}]}},"_links":{"self":[{"href":"https:\/\/greenlamclads.com\/polish\/wp-json\/wp\/v2\/pages\/4146"}],"collection":[{"href":"https:\/\/greenlamclads.com\/polish\/wp-json\/wp\/v2\/pages"}],"about":[{"href":"https:\/\/greenlamclads.com\/polish\/wp-json\/wp\/v2\/types\/page"}],"author":[{"embeddable":true,"href":"https:\/\/greenlamclads.com\/polish\/wp-json\/wp\/v2\/users\/1"}],"replies":[{"embeddable":true,"href":"https:\/\/greenlamclads.com\/polish\/wp-json\/wp\/v2\/comments?post=4146"}],"version-history":[{"count":9,"href":"https:\/\/greenlamclads.com\/polish\/wp-json\/wp\/v2\/pages\/4146\/revisions"}],"predecessor-version":[{"id":4874,"href":"https:\/\/greenlamclads.com\/polish\/wp-json\/wp\/v2\/pages\/4146\/revisions\/4874"}],"wp:attachment":[{"href":"https:\/\/greenlamclads.com\/polish\/wp-json\/wp\/v2\/media?parent=4146"}],"curies":[{"name":"wp","href":"https:\/\/api.w.org\/{rel}","templated":true}]}}