{"id":1205,"date":"2021-08-19T13:18:15","date_gmt":"2021-08-19T07:48:15","guid":{"rendered":"https:\/\/staging.greenlamclads.com\/polish\/?page_id=1205"},"modified":"2022-05-09T12:20:51","modified_gmt":"2022-05-09T06:50:51","slug":"sitemap","status":"publish","type":"page","link":"https:\/\/greenlamclads.com\/polish\/sitemap\/","title":{"rendered":"Mapa strony"},"content":{"rendered":"\n<div class=\"wp-block-columns sitemap-wrapper is-layout-flex wp-container-core-columns-is-layout-1 wp-block-columns-is-layout-flex\">\n<div class=\"wp-block-column sitemap-inner-container is-layout-flow wp-block-column-is-layout-flow\">\n<div class=\"container\">\n    <div class=\"row\">\n        <div class=\"col-lg-4 col-md-6 col-12 site-map\">\n            <ul>\n                <li>\n                    <a href=\"https:\/\/greenlamclads.com\/polish\/\">Dom<\/a>\n                <\/li>\n                <li>\n                    <a href=\"https:\/\/greenlamclads.com\/polish\/about-us\/\">O nas<\/a>\n                <\/li>\n                <li>\n                    <a href=\"https:\/\/greenlamclads.com\/polish\/get-inspired\/\">Inspiracja<\/a>\n                <\/li>\n                <li>\n                    <a href=\"https:\/\/greenlamclads.com\/polish\/sustainability\/\">Zr\u00f3wnowa\u017cony rozw\u00f3j<\/a>\n                <\/li>\n            <\/ul>\n        <\/div>\n        <div class=\"col-lg-4 col-md-6 col-12 site-map\">\n            <ul>\n                <li>\n                    <a href=\"https:\/\/greenlamclads.com\/polish\/exterior-clads\/\">Ok\u0142adziny zewn\u0119trzne<\/a>\n                <\/li>\n                <li>\n                    <a href=\"https:\/\/greenlamclads.com\/polish\/collections\/exterior\/\">Kolekcja zewn\u0119trzna<\/a>\n                <\/li>\n                <li>\n                    <a href=\"https:\/\/greenlamclads.com\/polish\/interior-clads\/\">Ok\u0142adziny wewn\u0119trzne<\/a>\n                <\/li>\n                <li>\n                    <a href=\"https:\/\/greenlamclads.com\/polish\/collections\/interior\/\">Kolekcja wn\u0119trz<\/a>\n                <\/li>\n                        <li><a href=\"https:\/\/greenlamclads.com\/polish\/visualizer\/\" target=\"_blank\" rel=\"noopener\">Wizualizator<\/a><\/li>\n                   \n            <\/ul>\n        <\/div>\n        <div class=\"col-lg-4 col-md-6 col-12 site-map\">\n            <ul>\n                <li>\n                    \n                            <a href=\"https:\/\/greenlamclads.com\/polish\/media\/\">G\u0142oska bezd\u017awi\u0119czna<\/a>\n                        <\/li>\n                        <li>\n                            <a href=\"https:\/\/greenlamclads.com\/polish\/resources\/\">Zasoby<\/a>\n                        <\/li>\n                     <li>\n                    <a href=\"https:\/\/greenlamclads.com\/polish\/contact-us\/\">Skontaktuj si\u0119 z nami<\/a>\n                <\/li>\n                <li>\n                    <a href=\"https:\/\/greenlamclads.com\/polish\/terms-conditions\/\">Zasady i Warunki<\/a>\n                <\/li>\n                <li>\n                    <a href=\"https:\/\/greenlamclads.com\/polish\/privacy-policy\/\">Polityka prywatno\u015bci<\/a>\n                <\/li>\n\n            <\/ul>\n        <\/div>\n    <\/div>\n<\/div>\n<\/div>\n<\/div>\n","protected":false},"excerpt":{"rendered":"<p>Dom O nas Inspiracja Zr\u00f3wnowa\u017cony rozw\u00f3j Ok\u0142adziny zewn\u0119trzne Kolekcja zewn\u0119trzna Ok\u0142adziny wewn\u0119trzne Kolekcja wn\u0119trz Wizualizator G\u0142oska bezd\u017awi\u0119czna Zasoby Skontaktuj si\u0119 z nami Zasady i Warunki Polityka prywatno\u015bci<\/p>\n","protected":false},"author":1,"featured_media":0,"parent":0,"menu_order":0,"comment_status":"closed","ping_status":"closed","template":"","meta":{"footnotes":""},"class_list":["post-1205","page","type-page","status-publish","hentry"],"yoast_head":"<!-- This site is optimized with the Yoast SEO plugin v23.5 - https:\/\/yoast.com\/wordpress\/plugins\/seo\/ -->\n<title>Sitemap | Greenlam Clads<\/title>\n<meta name=\"robots\" content=\"noindex, follow, max-snippet:-1, max-image-preview:large, max-video-preview:-1\" \/>\n<meta property=\"og:locale\" content=\"en_US\" \/>\n<meta property=\"og:type\" content=\"article\" \/>\n<meta property=\"og:title\" content=\"Sitemap | Greenlam Clads\" \/>\n<meta property=\"og:description\" content=\"Dom O nas Inspiracja Zr\u00f3wnowa\u017cony rozw\u00f3j Ok\u0142adziny zewn\u0119trzne Kolekcja zewn\u0119trzna Ok\u0142adziny wewn\u0119trzne Kolekcja wn\u0119trz Wizualizator G\u0142oska bezd\u017awi\u0119czna Zasoby Skontaktuj si\u0119 z nami Zasady i Warunki Polityka prywatno\u015bci\" \/>\n<meta property=\"og:url\" content=\"https:\/\/greenlamclads.com\/polish\/sitemap\/\" \/>\n<meta property=\"og:site_name\" content=\"Polish\" \/>\n<meta property=\"article:modified_time\" content=\"2022-05-09T06:50:51+00:00\" \/>\n<meta name=\"twitter:card\" content=\"summary_large_image\" \/>\n<meta name=\"twitter:label1\" content=\"Est. reading time\" \/>\n\t<meta name=\"twitter:data1\" content=\"1 minute\" \/>\n<script type=\"application\/ld+json\" class=\"yoast-schema-graph\">{\"@context\":\"https:\/\/schema.org\",\"@graph\":[{\"@type\":\"WebPage\",\"@id\":\"https:\/\/greenlamclads.com\/polish\/sitemap\/\",\"url\":\"https:\/\/greenlamclads.com\/polish\/sitemap\/\",\"name\":\"Sitemap | Greenlam Clads\",\"isPartOf\":{\"@id\":\"https:\/\/greenlamclads.com\/polish\/#website\"},\"datePublished\":\"2021-08-19T07:48:15+00:00\",\"dateModified\":\"2022-05-09T06:50:51+00:00\",\"breadcrumb\":{\"@id\":\"https:\/\/greenlamclads.com\/polish\/sitemap\/#breadcrumb\"},\"inLanguage\":\"en-US\",\"potentialAction\":[{\"@type\":\"ReadAction\",\"target\":[\"https:\/\/greenlamclads.com\/polish\/sitemap\/\"]}]},{\"@type\":\"BreadcrumbList\",\"@id\":\"https:\/\/greenlamclads.com\/polish\/sitemap\/#breadcrumb\",\"itemListElement\":[{\"@type\":\"ListItem\",\"position\":1,\"name\":\"Dom\",\"item\":\"https:\/\/greenlamclads.com\/polish\/\"},{\"@type\":\"ListItem\",\"position\":2,\"name\":\"Mapa strony\"}]},{\"@type\":\"WebSite\",\"@id\":\"https:\/\/greenlamclads.com\/polish\/#website\",\"url\":\"https:\/\/greenlamclads.com\/polish\/\",\"name\":\"Polish\",\"description\":\"\",\"publisher\":{\"@id\":\"https:\/\/greenlamclads.com\/polish\/#organization\"},\"potentialAction\":[{\"@type\":\"SearchAction\",\"target\":{\"@type\":\"EntryPoint\",\"urlTemplate\":\"https:\/\/greenlamclads.com\/polish\/?s={search_term_string}\"},\"query-input\":{\"@type\":\"PropertyValueSpecification\",\"valueRequired\":true,\"valueName\":\"search_term_string\"}}],\"inLanguage\":\"en-US\"},{\"@type\":\"Organization\",\"@id\":\"https:\/\/greenlamclads.com\/polish\/#organization\",\"name\":\"Polish\",\"url\":\"https:\/\/greenlamclads.com\/polish\/\",\"logo\":{\"@type\":\"ImageObject\",\"inLanguage\":\"en-US\",\"@id\":\"https:\/\/greenlamclads.com\/polish\/#\/schema\/logo\/image\/\",\"url\":\"https:\/\/greenlamclads.com\/polish\/wp-content\/uploads\/sites\/6\/2021\/08\/greenlam-logo.png\",\"contentUrl\":\"https:\/\/greenlamclads.com\/polish\/wp-content\/uploads\/sites\/6\/2021\/08\/greenlam-logo.png\",\"width\":250,\"height\":100,\"caption\":\"Polish\"},\"image\":{\"@id\":\"https:\/\/greenlamclads.com\/polish\/#\/schema\/logo\/image\/\"}}]}<\/script>\n<!-- \/ Yoast SEO plugin. -->","yoast_head_json":{"title":"Sitemap | Greenlam Clads","robots":{"index":"noindex","follow":"follow","max-snippet":"max-snippet:-1","max-image-preview":"max-image-preview:large","max-video-preview":"max-video-preview:-1"},"og_locale":"en_US","og_type":"article","og_title":"Sitemap | Greenlam Clads","og_description":"Dom O nas Inspiracja Zr\u00f3wnowa\u017cony rozw\u00f3j Ok\u0142adziny zewn\u0119trzne Kolekcja zewn\u0119trzna Ok\u0142adziny wewn\u0119trzne Kolekcja wn\u0119trz Wizualizator G\u0142oska bezd\u017awi\u0119czna Zasoby Skontaktuj si\u0119 z nami Zasady i Warunki Polityka prywatno\u015bci","og_url":"https:\/\/greenlamclads.com\/polish\/sitemap\/","og_site_name":"Polish","article_modified_time":"2022-05-09T06:50:51+00:00","twitter_card":"summary_large_image","twitter_misc":{"Est. reading time":"1 minute"},"schema":{"@context":"https:\/\/schema.org","@graph":[{"@type":"WebPage","@id":"https:\/\/greenlamclads.com\/polish\/sitemap\/","url":"https:\/\/greenlamclads.com\/polish\/sitemap\/","name":"Sitemap | Greenlam Clads","isPartOf":{"@id":"https:\/\/greenlamclads.com\/polish\/#website"},"datePublished":"2021-08-19T07:48:15+00:00","dateModified":"2022-05-09T06:50:51+00:00","breadcrumb":{"@id":"https:\/\/greenlamclads.com\/polish\/sitemap\/#breadcrumb"},"inLanguage":"en-US","potentialAction":[{"@type":"ReadAction","target":["https:\/\/greenlamclads.com\/polish\/sitemap\/"]}]},{"@type":"BreadcrumbList","@id":"https:\/\/greenlamclads.com\/polish\/sitemap\/#breadcrumb","itemListElement":[{"@type":"ListItem","position":1,"name":"Dom","item":"https:\/\/greenlamclads.com\/polish\/"},{"@type":"ListItem","position":2,"name":"Mapa strony"}]},{"@type":"WebSite","@id":"https:\/\/greenlamclads.com\/polish\/#website","url":"https:\/\/greenlamclads.com\/polish\/","name":"Polish","description":"","publisher":{"@id":"https:\/\/greenlamclads.com\/polish\/#organization"},"potentialAction":[{"@type":"SearchAction","target":{"@type":"EntryPoint","urlTemplate":"https:\/\/greenlamclads.com\/polish\/?s={search_term_string}"},"query-input":{"@type":"PropertyValueSpecification","valueRequired":true,"valueName":"search_term_string"}}],"inLanguage":"en-US"},{"@type":"Organization","@id":"https:\/\/greenlamclads.com\/polish\/#organization","name":"Polish","url":"https:\/\/greenlamclads.com\/polish\/","logo":{"@type":"ImageObject","inLanguage":"en-US","@id":"https:\/\/greenlamclads.com\/polish\/#\/schema\/logo\/image\/","url":"https:\/\/greenlamclads.com\/polish\/wp-content\/uploads\/sites\/6\/2021\/08\/greenlam-logo.png","contentUrl":"https:\/\/greenlamclads.com\/polish\/wp-content\/uploads\/sites\/6\/2021\/08\/greenlam-logo.png","width":250,"height":100,"caption":"Polish"},"image":{"@id":"https:\/\/greenlamclads.com\/polish\/#\/schema\/logo\/image\/"}}]}},"_links":{"self":[{"href":"https:\/\/greenlamclads.com\/polish\/wp-json\/wp\/v2\/pages\/1205"}],"collection":[{"href":"https:\/\/greenlamclads.com\/polish\/wp-json\/wp\/v2\/pages"}],"about":[{"href":"https:\/\/greenlamclads.com\/polish\/wp-json\/wp\/v2\/types\/page"}],"author":[{"embeddable":true,"href":"https:\/\/greenlamclads.com\/polish\/wp-json\/wp\/v2\/users\/1"}],"replies":[{"embeddable":true,"href":"https:\/\/greenlamclads.com\/polish\/wp-json\/wp\/v2\/comments?post=1205"}],"version-history":[{"count":10,"href":"https:\/\/greenlamclads.com\/polish\/wp-json\/wp\/v2\/pages\/1205\/revisions"}],"predecessor-version":[{"id":4943,"href":"https:\/\/greenlamclads.com\/polish\/wp-json\/wp\/v2\/pages\/1205\/revisions\/4943"}],"wp:attachment":[{"href":"https:\/\/greenlamclads.com\/polish\/wp-json\/wp\/v2\/media?parent=1205"}],"curies":[{"name":"wp","href":"https:\/\/api.w.org\/{rel}","templated":true}]}}